{"id":17698,"date":"2017-08-02T14:44:46","date_gmt":"2017-08-02T14:44:46","guid":{"rendered":"http:\/\/www.gironaexcellent.cat\/collectius-girona-excellent\/"},"modified":"2018-05-31T12:59:35","modified_gmt":"2018-05-31T12:59:35","slug":"collectius-girona-excellent","status":"publish","type":"page","link":"https:\/\/www.gironaexcellent.cat\/en\/collectius-girona-excellent\/","title":{"rendered":"Girona Excellent Associations"},"content":{"rendered":"<div class=\"wpb-content-wrapper\"><p>[vc_row row_type=&#8221;row&#8221; use_row_as_full_screen_section=&#8221;no&#8221; type=&#8221;full_width&#8221; angled_section=&#8221;no&#8221; text_align=&#8221;left&#8221; background_image_as_pattern=&#8221;without_pattern&#8221; css_animation=&#8221;&#8221;][vc_column][vc_empty_space height=&#8221;110&#8243;][\/vc_column][\/vc_row][vc_row row_type=&#8221;row&#8221; use_row_as_full_screen_section=&#8221;no&#8221; type=&#8221;full_width&#8221; angled_section=&#8221;no&#8221; text_align=&#8221;left&#8221; background_image_as_pattern=&#8221;without_pattern&#8221; css_animation=&#8221;&#8221;][vc_column width=&#8221;1\/4&#8243;][\/vc_column][vc_column width=&#8221;1\/2&#8243;][vc_column_text]<\/p>\n<h2 style=\"text-align: center;\">Girona Excellent<\/h2>\n<h2 style=\"text-align: center;\"><strong>2016-2019 Associations.<\/strong><\/h2>\n<p>[\/vc_column_text][vc_empty_space height=&#8221;35&#8243;][\/vc_column][vc_column width=&#8221;1\/4&#8243;][\/vc_column][\/vc_row][vc_row row_type=&#8221;row&#8221; use_row_as_full_screen_section=&#8221;no&#8221; type=&#8221;grid&#8221; angled_section=&#8221;no&#8221; text_align=&#8221;left&#8221; background_image_as_pattern=&#8221;without_pattern&#8221; css_animation=&#8221;&#8221;][vc_column width=&#8221;1\/6&#8243;][\/vc_column][vc_column width=&#8221;4\/6&#8243;][vc_column_text]<\/p>\n<h6 class=\"p1\" style=\"text-align: center;\">A space in which representative bodies can work and take advantage of the synergies and complementarities, with the aim of:<\/h6>\n<p>[\/vc_column_text][\/vc_column][vc_column width=&#8221;1\/6&#8243;][\/vc_column][\/vc_row][vc_row row_type=&#8221;row&#8221; use_row_as_full_screen_section=&#8221;no&#8221; type=&#8221;full_width&#8221; angled_section=&#8221;no&#8221; text_align=&#8221;left&#8221; background_image_as_pattern=&#8221;without_pattern&#8221; css_animation=&#8221;&#8221;][vc_column][vc_empty_space height=&#8221;30&#8243;][\/vc_column][\/vc_row][vc_row row_type=&#8221;row&#8221; use_row_as_full_screen_section=&#8221;no&#8221; type=&#8221;grid&#8221; angled_section=&#8221;no&#8221; text_align=&#8221;left&#8221; background_image_as_pattern=&#8221;without_pattern&#8221; padding_top=&#8221;0&#8243; padding_bottom=&#8221;15&#8243; css_animation=&#8221;&#8221; css=&#8221;.vc_custom_1501311203972{padding-top: 15px !important;padding-right: 15px !important;padding-bottom: 15px !important;padding-left: 15px !important;}&#8221;][vc_column][vc_column_text el_class=&#8221;text_segell&#8221;]<\/p>\n<p style=\"text-align: center;\"><strong># establishing an area of stable relationships<\/strong> between the Girona Provincial Council and the representative bodies of the different agri-food sectors in the Girona region.<\/p>\n<p style=\"text-align: center;\"><strong># promoting and fostering the activities of the affiliated sectors<\/strong> through the Girona Excellent quality seal.<\/p>\n<p style=\"text-align: center;\"><strong># preparing a specific map of the Girona agri-food sector<\/strong>, sharing the actions organised in this respect in Girona province.<\/p>\n<p style=\"text-align: center;\"><strong># supporting the companies of the Girona region<\/strong> in seeking out their needs.<\/p>\n<p>[\/vc_column_text][\/vc_column][\/vc_row][vc_row row_type=&#8221;row&#8221; use_row_as_full_screen_section=&#8221;no&#8221; type=&#8221;full_width&#8221; angled_section=&#8221;no&#8221; text_align=&#8221;left&#8221; background_image_as_pattern=&#8221;without_pattern&#8221; css_animation=&#8221;&#8221;][vc_column][vc_empty_space height=&#8221;75&#8243;][\/vc_column][\/vc_row][vc_row row_type=&#8221;row&#8221; use_row_as_full_screen_section=&#8221;no&#8221; type=&#8221;full_width&#8221; angled_section=&#8221;no&#8221; text_align=&#8221;left&#8221; background_image_as_pattern=&#8221;without_pattern&#8221; background_color=&#8221;#f7f7f7&#8243; css_animation=&#8221;&#8221;][vc_column][vc_empty_space height=&#8221;75&#8243;][\/vc_column][\/vc_row][vc_row row_type=&#8221;row&#8221; use_row_as_full_screen_section=&#8221;no&#8221; type=&#8221;grid&#8221; angled_section=&#8221;no&#8221; text_align=&#8221;left&#8221; background_image_as_pattern=&#8221;without_pattern&#8221; background_color=&#8221;#f7f7f7&#8243; css_animation=&#8221;&#8221;][vc_column][vc_column_text]<\/p>\n<p style=\"text-align: center;\"><strong>DO Empord\u00e0<\/strong>\u00a0<a href=\"https:\/\/www.doemporda.cat\" target=\"_blank\" rel=\"noopener\"><cite><em>www.doemporda.cat<\/em><\/cite><\/a><\/p>\n<p style=\"text-align: center;\"><strong>DOP Fesol de Santa PauPau (PDO Santa Pau Beans) <\/strong><em><a href=\"https:\/\/fesolsdesantapau.cat\" target=\"_blank\" rel=\"noopener\"><cite>www.fesolsdesantapau.cat<\/cite><\/a><\/em><\/p>\n<p style=\"text-align: center;\"><strong>DOP Oli de l\u2019Empord\u00e0 (PDO Empord\u00e0 Olive Oil) <\/strong><em><a href=\"https:\/\/www.oliemporda.cat\" target=\"_blank\" rel=\"noopener\"><cite>www.oliemporda.cat<\/cite><\/a><\/em><\/p>\n<p style=\"text-align: center;\"><strong>IGP Poma de Girona (PGI Apple of Girona) <\/strong>\u00a0<a href=\"https:\/\/ca.pomadegirona.cat\" target=\"_blank\" rel=\"noopener\"><cite><em>ca.pomadegirona.cat<\/em><\/cite><\/a><\/p>\n<p style=\"text-align: center;\"><strong>Gremi d&#8217;Elaboradors de Cervesa Artesana (Craft Beer Manufacturers Guild) <\/strong><em><a href=\"https:\/\/www.gecan.info\" target=\"_blank\" rel=\"noopener\"><cite>www.gecan.info<\/cite><\/a><\/em><\/p>\n<p style=\"text-align: center;\"><strong>Gremi de Flequers de les Comarques de Girona (Girona Provincial Bakers Guild) <\/strong><em><a href=\"https:\/\/www.flequersartesans.com\" target=\"_blank\" rel=\"noopener\">www.flequersartesans.com<\/a><\/em><\/p>\n<p style=\"text-align: center;\"><strong>Gremi de Carnissers i Xarcuters Artesans de les Comarques de Girona (Girona Provincial Artisanal Butchers and Charcutiers Guild) <\/strong>\u00a0<em><a href=\"https:\/\/www.gremicarn.com\" target=\"_blank\" rel=\"noopener\"><cite>www.gremicarn.com<\/cite><\/a><\/em><\/p>\n<p style=\"text-align: center;\"><strong>Associaci\u00f3 de Productes del Ripoll\u00e8s (Ripoll\u00e8s Products Association)<\/strong>\u00a0<em><a href=\"https:\/\/productesdelripolles.com\" target=\"_blank\" rel=\"noopener\"><cite>www.productesdelripolles.com<\/cite><\/a><\/em><\/p>\n<p style=\"text-align: center;\"><strong>Confraria de Pescadors de Palam\u00f3s (Palam\u00f3s Fishermen&#8217;s Association) <\/strong><em><a href=\"https:\/\/confraria.cat\" target=\"_blank\" rel=\"noopener\"><cite>www.confraria.cat<\/cite><\/a><\/em><\/p>\n<p style=\"text-align: center;\"><strong>Confraria de Pescadors de Port de la Selva.<\/strong> <em><a href=\"https:\/\/www.cpportdelaselva.com\/\" target=\"_blank\" rel=\"noopener\"><cite>www.cpportdelaselva.com<\/cite><\/a><\/em><\/p>\n<p style=\"text-align: center;\"><strong>AECORK &#8211; Associaci\u00f3 d&#8217;Empresaris Surers de Catalunya (Catalan Association of Cork Companies)<\/strong>\u00a0<em><a href=\"https:\/\/www.aecork.com\" target=\"_blank\" rel=\"noopener\"><cite>www.aecork.com<\/cite><\/a><\/em><\/p>\n<p>[\/vc_column_text][\/vc_column][\/vc_row][vc_row row_type=&#8221;row&#8221; use_row_as_full_screen_section=&#8221;no&#8221; type=&#8221;full_width&#8221; angled_section=&#8221;no&#8221; text_align=&#8221;left&#8221; background_image_as_pattern=&#8221;without_pattern&#8221; background_color=&#8221;#f7f7f7&#8243; css_animation=&#8221;&#8221;][vc_column][vc_empty_space height=&#8221;75&#8243;][\/vc_column][\/vc_row]<\/p>\n<\/div>","protected":false},"excerpt":{"rendered":"<p>[vc_row row_type=&#8221;row&#8221; use_row_as_full_screen_section=&#8221;no&#8221; type=&#8221;full_width&#8221; angled_section=&#8221;no&#8221; text_align=&#8221;left&#8221; background_image_as_pattern=&#8221;without_pattern&#8221; css_animation=&#8221;&#8221;][vc_column][vc_empty_space height=&#8221;110&#8243;][\/vc_column][\/vc_row][vc_row row_type=&#8221;row&#8221; use_row_as_full_screen_section=&#8221;no&#8221; type=&#8221;full_width&#8221; angled_section=&#8221;no&#8221; text_align=&#8221;left&#8221; background_image_as_pattern=&#8221;without_pattern&#8221; css_animation=&#8221;&#8221;][vc_column width=&#8221;1\/4&#8243;][\/vc_column][vc_column width=&#8221;1\/2&#8243;][vc_column_text] Girona Excellent 2016-2019 Associations. [\/vc_column_text][vc_empty_space height=&#8221;35&#8243;][\/vc_column][vc_column width=&#8221;1\/4&#8243;][\/vc_column][\/vc_row][vc_row row_type=&#8221;row&#8221; use_row_as_full_screen_section=&#8221;no&#8221; type=&#8221;grid&#8221; angled_section=&#8221;no&#8221; text_align=&#8221;left&#8221; background_image_as_pattern=&#8221;without_pattern&#8221; css_animation=&#8221;&#8221;][vc_column width=&#8221;1\/6&#8243;][\/vc_column][vc_column width=&#8221;4\/6&#8243;][vc_column_text] A space in which representative bodies can work and take advantage&#8230;<\/p>\n","protected":false},"author":1,"featured_media":0,"parent":0,"menu_order":0,"comment_status":"closed","ping_status":"closed","template":"full_width.php","meta":{"inline_featured_image":false,"footnotes":""},"class_list":["post-17698","page","type-page","status-publish","hentry"],"_links":{"self":[{"href":"https:\/\/www.gironaexcellent.cat\/en\/wp-json\/wp\/v2\/pages\/17698","targetHints":{"allow":["GET"]}}],"collection":[{"href":"https:\/\/www.gironaexcellent.cat\/en\/wp-json\/wp\/v2\/pages"}],"about":[{"href":"https:\/\/www.gironaexcellent.cat\/en\/wp-json\/wp\/v2\/types\/page"}],"author":[{"embeddable":true,"href":"https:\/\/www.gironaexcellent.cat\/en\/wp-json\/wp\/v2\/users\/1"}],"replies":[{"embeddable":true,"href":"https:\/\/www.gironaexcellent.cat\/en\/wp-json\/wp\/v2\/comments?post=17698"}],"version-history":[{"count":0,"href":"https:\/\/www.gironaexcellent.cat\/en\/wp-json\/wp\/v2\/pages\/17698\/revisions"}],"wp:attachment":[{"href":"https:\/\/www.gironaexcellent.cat\/en\/wp-json\/wp\/v2\/media?parent=17698"}],"curies":[{"name":"wp","href":"https:\/\/api.w.org\/{rel}","templated":true}]}}