{"id":17460,"date":"2017-07-27T13:39:19","date_gmt":"2017-07-27T13:39:19","guid":{"rendered":"http:\/\/www.gironaexcellent.cat\/inici\/"},"modified":"2026-03-11T10:45:28","modified_gmt":"2026-03-11T10:45:28","slug":"inici","status":"publish","type":"page","link":"https:\/\/www.gironaexcellent.cat\/es\/","title":{"rendered":"Inicio"},"content":{"rendered":"<div class=\"wpb-content-wrapper\"><p>[vc_row css_animation=\u00bb\u00bb row_type=\u00bbrow\u00bb use_row_as_full_screen_section=\u00bbyes\u00bb type=\u00bbfull_width\u00bb angled_section=\u00bbno\u00bb text_align=\u00bbleft\u00bb background_image_as_pattern=\u00bbwithout_pattern\u00bb background_color=\u00bb#000000&#8243;][vc_column width=\u00bb1\/4&#8243;][\/vc_column][vc_column width=\u00bb1\/2&#8243;][vc_separator type=\u00bbtransparent\u00bb up=\u00bb75&#8243;][vc_column_text]<\/p>\n<h4 style=\"text-align: center;\"><span style=\"color: #ffffff;\"><strong>Girona Excel\u00b7lent es el sello de calidad agroalimentaria<\/strong> de la Diputaci\u00f3 de Girona que reconoce los mejores productos de las comarcas gerundenses. Los productos elegidos se elaboran por completo en estas comarcas y han sido seleccionados mediante catas a ciegas por los mejores cocineros, en\u00f3logos y cr\u00edticos gastron\u00f3micos.<\/span><\/h4>\n<p>[\/vc_column_text][vc_separator type=\u00bbtransparent\u00bb up=\u00bb75&#8243;][\/vc_column][vc_column width=\u00bb1\/4&#8243;][\/vc_column][\/vc_row][vc_row css_animation=\u00bb\u00bb row_type=\u00bbrow\u00bb use_row_as_full_screen_section=\u00bbno\u00bb type=\u00bbfull_width\u00bb angled_section=\u00bbno\u00bb text_align=\u00bbleft\u00bb background_image_as_pattern=\u00bbwithout_pattern\u00bb background_color=\u00bb#ffffff\u00bb][vc_column][vc_separator type=\u00bbtransparent\u00bb up=\u00bb137&#8243;][\/vc_column][\/vc_row][vc_row css_animation=\u00bb\u00bb row_type=\u00bbrow\u00bb use_row_as_full_screen_section=\u00bbno\u00bb type=\u00bbgrid\u00bb angled_section=\u00bbno\u00bb text_align=\u00bbleft\u00bb background_image_as_pattern=\u00bbwithout_pattern\u00bb background_color=\u00bb#ffffff\u00bb][vc_column width=\u00bb2\/6&#8243;][vc_column_text]<\/p>\n<h4><strong>Productos.<\/strong><\/h4>\n<p>[\/vc_column_text][vc_column_text css=\u00bb\u00bb]<\/p>\n<h4>Elegidos en <span class=\"T286Pc\" data-sfc-cp=\"\" data-sfc-cb=\"\">quince<\/span> catas a ciegas.<\/h4>\n<p>[\/vc_column_text][vc_separator type=\u00bbsmall\u00bb position=\u00bbleft\u00bb color=\u00bb#000000&#8243; thickness=\u00bb2&#8243; up=\u00bb10&#8243; down=\u00bb10&#8243;][vc_column_text css=\u00bb\u00bb]<\/p>\n<div class=\"wpb_text_column wpb_content_element \">\n<div class=\"wpb_wrapper\">\n<p>Un total de 137 productos de 83 empresas diferentes lucir\u00e1n el sello Girona Excel\u00b7lent en 2025 y 2026. Los productos se escogieron durante el mes de mayo de 2025 en catas a ciegas en las quince familias de productos seleccionados: aguas minerales, arroces, conservas y semiconservas, platos preparados, embutidos, frutos secos, foie-gras, galletas, derivados l\u00e1cteos, aceite de oliva, miel, caf\u00e9s y hierbas medicinales, cervezas, vinos, vinos generosos y licores. Las catas se llevaron a cabo en el FoodLab de Riudellots de la Selva con jurados formados por seis miembros.<\/p>\n<\/div>\n<\/div>\n<p>[\/vc_column_text][vc_separator type=\u00bbtransparent\u00bb thickness=\u00bb30&#8243;][vc_column_text css=\u00bb\u00bb]<a href=\"https:\/\/www.gironaexcellent.cat\/es\/productes-2526\/\"><strong>Muestra productos&gt;<\/strong><\/a>[\/vc_column_text][vc_separator type=\u00bbtransparent\u00bb thickness=\u00bb30&#8243;][\/vc_column][vc_column width=\u00bb4\/6&#8243;][vc_single_image image=\u00bb25804&#8243; img_size=\u00bbfull\u00bb qode_css_animation=\u00bb\u00bb][\/vc_column][\/vc_row][vc_row css_animation=\u00bb\u00bb row_type=\u00bbrow\u00bb use_row_as_full_screen_section=\u00bbno\u00bb type=\u00bbfull_width\u00bb angled_section=\u00bbno\u00bb text_align=\u00bbleft\u00bb background_image_as_pattern=\u00bbwithout_pattern\u00bb background_color=\u00bb#ffffff\u00bb][vc_column][vc_separator type=\u00bbtransparent\u00bb up=\u00bb80&#8243;][\/vc_column][\/vc_row][vc_row css_animation=\u00bb\u00bb row_type=\u00bbrow\u00bb use_row_as_full_screen_section=\u00bbno\u00bb type=\u00bbgrid\u00bb angled_section=\u00bbno\u00bb text_align=\u00bbleft\u00bb background_image_as_pattern=\u00bbwithout_pattern\u00bb background_color=\u00bb#ffffff\u00bb][vc_column width=\u00bb4\/6&#8243;][vc_single_image image=\u00bb18993&#8243; img_size=\u00bbfull\u00bb qode_css_animation=\u00bb\u00bb][vc_separator type=\u00bbtransparent\u00bb thickness=\u00bb30&#8243;][\/vc_column][vc_column width=\u00bb2\/6&#8243;][vc_column_text]<\/p>\n<h4><strong>Los catadores.<\/strong><\/h4>\n<p>[\/vc_column_text][vc_column_text]<\/p>\n<h4>La figura primordial del proyecto.<\/h4>\n<p>[\/vc_column_text][vc_separator type=\u00bbsmall\u00bb position=\u00bbleft\u00bb color=\u00bb#000000&#8243; thickness=\u00bb2&#8243; up=\u00bb10&#8243; down=\u00bb10&#8243;][vc_column_text]Los catadores son las personas encargadas de evaluar, mediante las catas a ciegas, los productos elegidos para lucir el sello Girona Excel\u00b7lent. El conocimiento y la experiencia de estas personas determinan la calidad y el nivel de los productos.[\/vc_column_text][vc_separator type=\u00bbtransparent\u00bb thickness=\u00bb30&#8243;][vc_column_text css=\u00bb\u00bb]<strong>Muestra catadores&gt;<\/strong>[\/vc_column_text][\/vc_column][\/vc_row][vc_row css_animation=\u00bb\u00bb row_type=\u00bbrow\u00bb use_row_as_full_screen_section=\u00bbno\u00bb type=\u00bbfull_width\u00bb angled_section=\u00bbno\u00bb text_align=\u00bbleft\u00bb background_image_as_pattern=\u00bbwithout_pattern\u00bb background_color=\u00bb#ffffff\u00bb][vc_column][vc_separator type=\u00bbtransparent\u00bb up=\u00bb100&#8243;][\/vc_column][\/vc_row][vc_row css_animation=\u00bb\u00bb row_type=\u00bbrow\u00bb use_row_as_full_screen_section=\u00bbno\u00bb type=\u00bbgrid\u00bb angled_section=\u00bbno\u00bb text_align=\u00bbleft\u00bb background_image_as_pattern=\u00bbwithout_pattern\u00bb background_color=\u00bb#ffffff\u00bb][vc_column][vc_column_text]<\/p>\n<h4>\u00daltimas <strong>recetas.<\/strong><\/h4>\n<p>[\/vc_column_text][vc_separator type=\u00bbnormal\u00bb color=\u00bb#0a0a0a\u00bb thickness=\u00bb1&#8243; up=\u00bb10&#8243; down=\u00bb30&#8243;]<div class='projects_holder_outer v5 portfolio_with_space portfolio_standard'>\n        <div class='projects_holder portfolio_main_holder clearfix v5 standard portfolio_full_image '>\n        \n        <article class='mix portfolio_category_275 portfolio_category_286 portfolio_category_280 default' style=''>\n    \n    \n    \n    \n            <div class=\"item_holder thin_plus_only\">\n\n                    <div class=\"text_holder\">\n        <div class=\"text_holder_outer\">\n            <div class=\"text_holder_inner\">\n                            <span class=\"thin_plus_only_icon\">+<\/span>\n                        <\/div>\n        <\/div>\n    <\/div>\n\n                                    <a itemprop=\"url\" class=\"portfolio_link_class\" title=\"C\u00f2ctel de ginebra i poma de girona\" href=\"https:\/\/www.gironaexcellent.cat\/es\/item\/coctel-de-ginebra-i-poma-de-girona\/\"><\/a>\n                \n                <div style=\"\" class=\"portfolio_shader\"><\/div>\n                <div class=\"image_holder\">\n                    \n<span class='image'><img loading=\"lazy\" decoding=\"async\" width=\"500\" height=\"500\" src=\"https:\/\/www.gironaexcellent.cat\/wp-content\/uploads\/2018\/12\/coctel-ginebra-poma-girona.jpg\" class=\"attachment-full size-full wp-post-image\" alt=\"\" srcset=\"https:\/\/www.gironaexcellent.cat\/wp-content\/uploads\/2018\/12\/coctel-ginebra-poma-girona.jpg 500w, https:\/\/www.gironaexcellent.cat\/wp-content\/uploads\/2018\/12\/coctel-ginebra-poma-girona-150x150.jpg 150w, https:\/\/www.gironaexcellent.cat\/wp-content\/uploads\/2018\/12\/coctel-ginebra-poma-girona-300x300.jpg 300w\" sizes=\"auto, (max-width: 500px) 100vw, 500px\" \/><\/span>                <\/div>\n            <\/div>\n\n                <div class='portfolio_description text_align_left' >\n\n        \n    <h6 itemprop=\"name\" class=\"portfolio_title entry_title\"><a itemprop=\"url\" href=\"https:\/\/www.gironaexcellent.cat\/es\/item\/coctel-de-ginebra-i-poma-de-girona\/\"  target=\"_self\"> C\u00f2ctel de ginebra i poma de girona<\/a><\/h6>\n\n\n        \n        \n    <\/div>\n\n        \n<\/article>\n<article class='mix portfolio_category_275 portfolio_category_306 portfolio_category_301 portfolio_category_280 default' style=''>\n    \n    \n    \n    \n            <div class=\"item_holder thin_plus_only\">\n\n                    <div class=\"text_holder\">\n        <div class=\"text_holder_outer\">\n            <div class=\"text_holder_inner\">\n                            <span class=\"thin_plus_only_icon\">+<\/span>\n                        <\/div>\n        <\/div>\n    <\/div>\n\n                                    <a itemprop=\"url\" class=\"portfolio_link_class\" title=\"Fesols de Santa Pau amb pil-pil de bolets\" href=\"https:\/\/www.gironaexcellent.cat\/es\/item\/fesols-de-santa-pau-amb-pil-pil-de-bolets\/\"><\/a>\n                \n                <div style=\"\" class=\"portfolio_shader\"><\/div>\n                <div class=\"image_holder\">\n                    \n<span class='image'><img loading=\"lazy\" decoding=\"async\" width=\"500\" height=\"500\" src=\"https:\/\/www.gironaexcellent.cat\/wp-content\/uploads\/2018\/12\/fesols-santa-pau-pilpil-bolets.jpg\" class=\"attachment-full size-full wp-post-image\" alt=\"\" srcset=\"https:\/\/www.gironaexcellent.cat\/wp-content\/uploads\/2018\/12\/fesols-santa-pau-pilpil-bolets.jpg 500w, https:\/\/www.gironaexcellent.cat\/wp-content\/uploads\/2018\/12\/fesols-santa-pau-pilpil-bolets-150x150.jpg 150w, https:\/\/www.gironaexcellent.cat\/wp-content\/uploads\/2018\/12\/fesols-santa-pau-pilpil-bolets-300x300.jpg 300w\" sizes=\"auto, (max-width: 500px) 100vw, 500px\" \/><\/span>                <\/div>\n            <\/div>\n\n                <div class='portfolio_description text_align_left' >\n\n        \n    <h6 itemprop=\"name\" class=\"portfolio_title entry_title\"><a itemprop=\"url\" href=\"https:\/\/www.gironaexcellent.cat\/es\/item\/fesols-de-santa-pau-amb-pil-pil-de-bolets\/\"  target=\"_self\"> Fesols de Santa Pau amb pil-pil de bolets<\/a><\/h6>\n\n\n        \n        \n    <\/div>\n\n        \n<\/article>\n<article class='mix portfolio_category_275 portfolio_category_279 portfolio_category_301 portfolio_category_280 default' style=''>\n    \n    \n    \n    \n            <div class=\"item_holder thin_plus_only\">\n\n                    <div class=\"text_holder\">\n        <div class=\"text_holder_outer\">\n            <div class=\"text_holder_inner\">\n                            <span class=\"thin_plus_only_icon\">+<\/span>\n                        <\/div>\n        <\/div>\n    <\/div>\n\n                                    <a itemprop=\"url\" class=\"portfolio_link_class\" title=\"Espatlles de conill confitades amb oli d&#8217;oliva verge extra i canyella\" href=\"https:\/\/www.gironaexcellent.cat\/es\/item\/espatlles-de-conill-confitades-amb-oli-doliva-verge-extra-i-canyella\/\"><\/a>\n                \n                <div style=\"\" class=\"portfolio_shader\"><\/div>\n                <div class=\"image_holder\">\n                    \n<span class='image'><img loading=\"lazy\" decoding=\"async\" width=\"500\" height=\"500\" src=\"https:\/\/www.gironaexcellent.cat\/wp-content\/uploads\/2018\/12\/espatlles-conill-oli-canyella.jpg\" class=\"attachment-full size-full wp-post-image\" alt=\"\" srcset=\"https:\/\/www.gironaexcellent.cat\/wp-content\/uploads\/2018\/12\/espatlles-conill-oli-canyella.jpg 500w, https:\/\/www.gironaexcellent.cat\/wp-content\/uploads\/2018\/12\/espatlles-conill-oli-canyella-150x150.jpg 150w, https:\/\/www.gironaexcellent.cat\/wp-content\/uploads\/2018\/12\/espatlles-conill-oli-canyella-300x300.jpg 300w\" sizes=\"auto, (max-width: 500px) 100vw, 500px\" \/><\/span>                <\/div>\n            <\/div>\n\n                <div class='portfolio_description text_align_left' >\n\n        \n    <h6 itemprop=\"name\" class=\"portfolio_title entry_title\"><a itemprop=\"url\" href=\"https:\/\/www.gironaexcellent.cat\/es\/item\/espatlles-de-conill-confitades-amb-oli-doliva-verge-extra-i-canyella\/\"  target=\"_self\"> Espatlles de conill confitades amb oli d&#8217;oliva verge extra i canyella<\/a><\/h6>\n\n\n        \n        \n    <\/div>\n\n        \n<\/article>\n<article class='mix portfolio_category_391 portfolio_category_274 portfolio_category_275 portfolio_category_294 portfolio_category_280 default' style=''>\n    \n    \n    \n    \n            <div class=\"item_holder thin_plus_only\">\n\n                    <div class=\"text_holder\">\n        <div class=\"text_holder_outer\">\n            <div class=\"text_holder_inner\">\n                            <span class=\"thin_plus_only_icon\">+<\/span>\n                        <\/div>\n        <\/div>\n    <\/div>\n\n                                    <a itemprop=\"url\" class=\"portfolio_link_class\" title=\"Coca d&#8217;alberg\u00ednia amb formatge Sa\u00fcll i fruits secs\" href=\"https:\/\/www.gironaexcellent.cat\/es\/item\/coca-dalberginia-amb-formatge-saull-i-fruits-secs\/\"><\/a>\n                \n                <div style=\"\" class=\"portfolio_shader\"><\/div>\n                <div class=\"image_holder\">\n                    \n<span class='image'><img loading=\"lazy\" decoding=\"async\" width=\"500\" height=\"500\" src=\"https:\/\/www.gironaexcellent.cat\/wp-content\/uploads\/2018\/12\/coca-alberginia-formatge-saull-fruits-secs.jpg\" class=\"attachment-full size-full wp-post-image\" alt=\"\" srcset=\"https:\/\/www.gironaexcellent.cat\/wp-content\/uploads\/2018\/12\/coca-alberginia-formatge-saull-fruits-secs.jpg 500w, https:\/\/www.gironaexcellent.cat\/wp-content\/uploads\/2018\/12\/coca-alberginia-formatge-saull-fruits-secs-150x150.jpg 150w, https:\/\/www.gironaexcellent.cat\/wp-content\/uploads\/2018\/12\/coca-alberginia-formatge-saull-fruits-secs-300x300.jpg 300w\" sizes=\"auto, (max-width: 500px) 100vw, 500px\" \/><\/span>                <\/div>\n            <\/div>\n\n                <div class='portfolio_description text_align_left' >\n\n        \n    <h6 itemprop=\"name\" class=\"portfolio_title entry_title\"><a itemprop=\"url\" href=\"https:\/\/www.gironaexcellent.cat\/es\/item\/coca-dalberginia-amb-formatge-saull-i-fruits-secs\/\"  target=\"_self\"> Coca d&#8217;alberg\u00ednia amb formatge Sa\u00fcll i fruits secs<\/a><\/h6>\n\n\n        \n        \n    <\/div>\n\n        \n<\/article>\n<article class='mix portfolio_category_295 portfolio_category_275 portfolio_category_293 portfolio_category_280 default' style=''>\n    \n    \n    \n    \n            <div class=\"item_holder thin_plus_only\">\n\n                    <div class=\"text_holder\">\n        <div class=\"text_holder_outer\">\n            <div class=\"text_holder_inner\">\n                            <span class=\"thin_plus_only_icon\">+<\/span>\n                        <\/div>\n        <\/div>\n    <\/div>\n\n                                    <a itemprop=\"url\" class=\"portfolio_link_class\" title=\"Escuma de crema catalana amb neules\" href=\"https:\/\/www.gironaexcellent.cat\/es\/item\/escuma-de-crema-catalana-amb-neules\/\"><\/a>\n                \n                <div style=\"\" class=\"portfolio_shader\"><\/div>\n                <div class=\"image_holder\">\n                    \n<span class='image'><img loading=\"lazy\" decoding=\"async\" width=\"500\" height=\"500\" src=\"https:\/\/www.gironaexcellent.cat\/wp-content\/uploads\/2018\/12\/escuma-crema-catalana-neules.jpg\" class=\"attachment-full size-full wp-post-image\" alt=\"\" srcset=\"https:\/\/www.gironaexcellent.cat\/wp-content\/uploads\/2018\/12\/escuma-crema-catalana-neules.jpg 500w, https:\/\/www.gironaexcellent.cat\/wp-content\/uploads\/2018\/12\/escuma-crema-catalana-neules-150x150.jpg 150w, https:\/\/www.gironaexcellent.cat\/wp-content\/uploads\/2018\/12\/escuma-crema-catalana-neules-300x300.jpg 300w\" sizes=\"auto, (max-width: 500px) 100vw, 500px\" \/><\/span>                <\/div>\n            <\/div>\n\n                <div class='portfolio_description text_align_left' >\n\n        \n    <h6 itemprop=\"name\" class=\"portfolio_title entry_title\"><a itemprop=\"url\" href=\"https:\/\/www.gironaexcellent.cat\/es\/item\/escuma-de-crema-catalana-amb-neules\/\"  target=\"_self\"> Escuma de crema catalana amb neules<\/a><\/h6>\n\n\n        \n        \n    <\/div>\n\n        \n<\/article>\n        <div class='filler'><\/div>\n            <div class='filler'><\/div>\n            <div class='filler'><\/div>\n            <div class='filler'><\/div>\n            <div class='filler'><\/div>\n        <\/div>\n\n    \n    <\/div>[vc_separator type=\u00bbtransparent\u00bb up=\u00bb50&#8243;][\/vc_column][\/vc_row][vc_row row_type=\u00bbparallax\u00bb parallax_content_width=\u00bbin_grid\u00bb text_align=\u00bbcenter\u00bb full_screen_section_height=\u00bbno\u00bb background_image=\u00bb16738&#8243;][vc_column width=\u00bb1\/6&#8243;][\/vc_column][vc_column width=\u00bb4\/6&#8243;][vc_separator type=\u00bbtransparent\u00bb up=\u00bb150&#8243;][vc_column_text]<\/p>\n<h4 style=\"text-align: center;\"><strong><span style=\"color: #ffffff;\">La excelencia del territorio.<\/span><\/strong><\/h4>\n<h4 style=\"text-align: center;\"><span style=\"color: #ffffff;\">Vivimos en un territorio en el cual el paisaje certifica una cocina variada, diversa y casi autosuficiente, de ingredientes casi infinitos. <\/span><\/h4>\n<p>[\/vc_column_text][vc_separator type=\u00bbtransparent\u00bb up=\u00bb150&#8243;][\/vc_column][vc_column width=\u00bb1\/6&#8243;][\/vc_column][\/vc_row]<\/p>\n<\/div>","protected":false},"excerpt":{"rendered":"<p>[vc_row css_animation=\u00bb\u00bb row_type=\u00bbrow\u00bb use_row_as_full_screen_section=\u00bbyes\u00bb type=\u00bbfull_width\u00bb angled_section=\u00bbno\u00bb text_align=\u00bbleft\u00bb background_image_as_pattern=\u00bbwithout_pattern\u00bb background_color=\u00bb#000000&#8243;][vc_column width=\u00bb1\/4&#8243;][\/vc_column][vc_column width=\u00bb1\/2&#8243;][vc_separator type=\u00bbtransparent\u00bb up=\u00bb75&#8243;][vc_column_text] Girona Excel\u00b7lent es el sello de calidad agroalimentaria de la Diputaci\u00f3 de Girona que reconoce los mejores productos de las comarcas gerundenses. Los productos elegidos se elaboran por completo en estas comarcas&#8230;<\/p>\n","protected":false},"author":1,"featured_media":0,"parent":0,"menu_order":0,"comment_status":"closed","ping_status":"closed","template":"full_width.php","meta":{"inline_featured_image":false,"footnotes":""},"class_list":["post-17460","page","type-page","status-publish","hentry"],"_links":{"self":[{"href":"https:\/\/www.gironaexcellent.cat\/es\/wp-json\/wp\/v2\/pages\/17460","targetHints":{"allow":["GET"]}}],"collection":[{"href":"https:\/\/www.gironaexcellent.cat\/es\/wp-json\/wp\/v2\/pages"}],"about":[{"href":"https:\/\/www.gironaexcellent.cat\/es\/wp-json\/wp\/v2\/types\/page"}],"author":[{"embeddable":true,"href":"https:\/\/www.gironaexcellent.cat\/es\/wp-json\/wp\/v2\/users\/1"}],"replies":[{"embeddable":true,"href":"https:\/\/www.gironaexcellent.cat\/es\/wp-json\/wp\/v2\/comments?post=17460"}],"version-history":[{"count":4,"href":"https:\/\/www.gironaexcellent.cat\/es\/wp-json\/wp\/v2\/pages\/17460\/revisions"}],"predecessor-version":[{"id":27162,"href":"https:\/\/www.gironaexcellent.cat\/es\/wp-json\/wp\/v2\/pages\/17460\/revisions\/27162"}],"wp:attachment":[{"href":"https:\/\/www.gironaexcellent.cat\/es\/wp-json\/wp\/v2\/media?parent=17460"}],"curies":[{"name":"wp","href":"https:\/\/api.w.org\/{rel}","templated":true}]}}