{"id":17651,"date":"2017-08-02T14:44:46","date_gmt":"2017-08-02T14:44:46","guid":{"rendered":"http:\/\/www.gironaexcellent.cat\/collectius-girona-excellent\/"},"modified":"2018-05-31T12:59:00","modified_gmt":"2018-05-31T12:59:00","slug":"colectivos-girona-excellent","status":"publish","type":"page","link":"https:\/\/www.gironaexcellent.cat\/es\/colectivos-girona-excellent\/","title":{"rendered":"Colectivos Girona Excel\u00b7lent"},"content":{"rendered":"<div class=\"wpb-content-wrapper\"><p>[vc_row row_type=\u00bbrow\u00bb use_row_as_full_screen_section=\u00bbno\u00bb type=\u00bbfull_width\u00bb angled_section=\u00bbno\u00bb text_align=\u00bbleft\u00bb background_image_as_pattern=\u00bbwithout_pattern\u00bb css_animation=\u00bb\u00bb][vc_column][vc_empty_space height=\u00bb110&#8243;][\/vc_column][\/vc_row][vc_row row_type=\u00bbrow\u00bb use_row_as_full_screen_section=\u00bbno\u00bb type=\u00bbfull_width\u00bb angled_section=\u00bbno\u00bb text_align=\u00bbleft\u00bb background_image_as_pattern=\u00bbwithout_pattern\u00bb css_animation=\u00bb\u00bb][vc_column width=\u00bb1\/4&#8243;][\/vc_column][vc_column width=\u00bb1\/2&#8243;][vc_column_text]<\/p>\n<h2 style=\"text-align: center;\">Girona Excel\u00b7lent<\/h2>\n<h2 style=\"text-align: center;\"><strong>colectivos 2016-2019.<\/strong><\/h2>\n<p>[\/vc_column_text][vc_empty_space height=\u00bb35&#8243;][\/vc_column][vc_column width=\u00bb1\/4&#8243;][\/vc_column][\/vc_row][vc_row row_type=\u00bbrow\u00bb use_row_as_full_screen_section=\u00bbno\u00bb type=\u00bbgrid\u00bb angled_section=\u00bbno\u00bb text_align=\u00bbleft\u00bb background_image_as_pattern=\u00bbwithout_pattern\u00bb css_animation=\u00bb\u00bb][vc_column width=\u00bb1\/6&#8243;][\/vc_column][vc_column width=\u00bb4\/6&#8243;][vc_column_text]<\/p>\n<h6 class=\"p1\" style=\"text-align: center;\">Un espacio de trabajo de entidades representativas que permitan aprovechar las sinergias y complementariedades, con la voluntad de:<\/h6>\n<p>[\/vc_column_text][\/vc_column][vc_column width=\u00bb1\/6&#8243;][\/vc_column][\/vc_row][vc_row row_type=\u00bbrow\u00bb use_row_as_full_screen_section=\u00bbno\u00bb type=\u00bbfull_width\u00bb angled_section=\u00bbno\u00bb text_align=\u00bbleft\u00bb background_image_as_pattern=\u00bbwithout_pattern\u00bb css_animation=\u00bb\u00bb][vc_column][vc_empty_space height=\u00bb30&#8243;][\/vc_column][\/vc_row][vc_row row_type=\u00bbrow\u00bb use_row_as_full_screen_section=\u00bbno\u00bb type=\u00bbgrid\u00bb angled_section=\u00bbno\u00bb text_align=\u00bbleft\u00bb background_image_as_pattern=\u00bbwithout_pattern\u00bb padding_top=\u00bb0&#8243; padding_bottom=\u00bb15&#8243; css_animation=\u00bb\u00bb css=\u00bb.vc_custom_1501311203972{padding-top: 15px !important;padding-right: 15px !important;padding-bottom: 15px !important;padding-left: 15px !important;}\u00bb][vc_column][vc_column_text el_class=\u00bbtext_segell\u00bb]<\/p>\n<p style=\"text-align: center;\"><strong># Establecer un espacio de relaci\u00f3n estable <\/strong> entre la Diputaci\u00f3 de Girona i las entidades representativas de los diferentes sectores agroalimentarios del territorio gerundense.<\/p>\n<p style=\"text-align: center;\"><strong># Fomentar las actividades y la promoci\u00f3n de los sectores adheridos <\/strong> mediante el sello de calidad Girona Excel\u00b7lent.<\/p>\n<p style=\"text-align: center;\"><strong># Elaborar un mapa espec\u00edfico del sector agroalimentario del territorio gerundense, <\/strong> poniendo en com\u00fan las acciones que se desarrollan en esta materia en las comarcas de Girona.<\/p>\n<p style=\"text-align: center;\"><strong># Dar soporte a las empresas de las comarcas gerundenses <\/strong> para la prospecci\u00f3n de sus necesidades.<\/p>\n<p>[\/vc_column_text][\/vc_column][\/vc_row][vc_row row_type=\u00bbrow\u00bb use_row_as_full_screen_section=\u00bbno\u00bb type=\u00bbfull_width\u00bb angled_section=\u00bbno\u00bb text_align=\u00bbleft\u00bb background_image_as_pattern=\u00bbwithout_pattern\u00bb css_animation=\u00bb\u00bb][vc_column][vc_empty_space height=\u00bb75&#8243;][\/vc_column][\/vc_row][vc_row row_type=\u00bbrow\u00bb use_row_as_full_screen_section=\u00bbno\u00bb type=\u00bbfull_width\u00bb angled_section=\u00bbno\u00bb text_align=\u00bbleft\u00bb background_image_as_pattern=\u00bbwithout_pattern\u00bb background_color=\u00bb#f7f7f7&#8243; css_animation=\u00bb\u00bb][vc_column][vc_empty_space height=\u00bb75&#8243;][\/vc_column][\/vc_row][vc_row row_type=\u00bbrow\u00bb use_row_as_full_screen_section=\u00bbno\u00bb type=\u00bbgrid\u00bb angled_section=\u00bbno\u00bb text_align=\u00bbleft\u00bb background_image_as_pattern=\u00bbwithout_pattern\u00bb background_color=\u00bb#f7f7f7&#8243; css_animation=\u00bb\u00bb][vc_column][vc_column_text]<\/p>\n<p style=\"text-align: center;\"><strong>DO Empord\u00e0.<\/strong>\u00a0<a href=\"https:\/\/www.doemporda.cat\" target=\"_blank\" rel=\"noopener\"><cite>www.doemporda.cat<\/cite><\/a><\/p>\n<p style=\"text-align: center;\"><strong>DOP Fesol de Santa Pau (DOP Alubia de Santa Pau).\u00a0<\/strong><a href=\"https:\/\/fesolsdesantapau.cat\" target=\"_blank\" rel=\"noopener\"><cite>www.fesolsdesantapau.cat<\/cite><\/a><\/p>\n<p style=\"text-align: center;\"><strong>DOP Oli de l\u2019Empord\u00e0 (DOP Aceite del Empord\u00e0).\u00a0<\/strong>\u00a0<a href=\"https:\/\/www.oliemporda.cat\" target=\"_blank\" rel=\"noopener\"><cite>www.oliemporda.cat<\/cite><\/a><\/p>\n<p style=\"text-align: center;\"><strong>IGP Poma de Girona (IGP Manzana de Girona).<\/strong>\u00a0<a href=\"https:\/\/ca.pomadegirona.cat\" target=\"_blank\" rel=\"noopener\"><cite>ca.pomadegirona.cat<\/cite><\/a><\/p>\n<p style=\"text-align: center;\"><strong>Gremi d&#8217;Elaboradors de Cervesa Artesana (Gremio de Elaboradores de Cerveza Artesana).\u00a0<\/strong><a href=\"https:\/\/www.gecan.info\" target=\"_blank\" rel=\"noopener\"><cite>www.gecan.info<\/cite><\/a><\/p>\n<p style=\"text-align: center;\"><strong>Gremi de Flequers de les Comarques de Girona (Gremio de Panaderos de las Comarcas de Girona).\u00a0<\/strong><a href=\"https:\/\/www.flequersartesans.com\" target=\"_blank\" rel=\"noopener\"><i>www.flequersartesans.com<\/i><\/a><\/p>\n<p style=\"text-align: center;\"><strong>Gremi de Carnissers i Xarcuters Artesans de les Comarques de Girona\u00a0(Gremio de Carniceros y Charcuteros de las Comarcas de Girona).<\/strong>\u00a0<a href=\"https:\/\/www.gremicarn.com\" target=\"_blank\" rel=\"noopener\"><cite>www.gremicarn.com<\/cite><\/a><\/p>\n<p style=\"text-align: center;\"><strong>Associaci\u00f3 de Productes del Ripoll\u00e8s (Asociaci\u00f3n de Productos del Ripoll\u00e8s).<\/strong>\u00a0<a href=\"https:\/\/productesdelripolles.com\" target=\"_blank\" rel=\"noopener\"><cite>www.productesdelripolles.com<\/cite><\/a><\/p>\n<p style=\"text-align: center;\"><strong>Confraria de Pescadors de Palam\u00f3s\u00a0(Cofrad\u00eda de Pescadores de Palam\u00f3s).\u00a0<\/strong><a href=\"https:\/\/confraria.cat\" target=\"_blank\" rel=\"noopener\"><cite>www.confraria.cat<\/cite><\/a><\/p>\n<p style=\"text-align: center;\"><strong>Confraria de Pescadors de Port de la Selva.<\/strong> <em><a href=\"https:\/\/www.cpportdelaselva.com\/\" target=\"_blank\" rel=\"noopener\"><cite>www.cpportdelaselva.com<\/cite><\/a><\/em><\/p>\n<p style=\"text-align: center;\"><strong>AECORK &#8211; Associaci\u00f3 d&#8217;Empresaris Surers de Catalunya (Asociaci\u00f3n de Empresarios Corcheros de Catalu\u00f1a).<\/strong>\u00a0<a href=\"https:\/\/www.aecork.com\" target=\"_blank\" rel=\"noopener\"><cite>www.aecork.com<\/cite><\/a><\/p>\n<p>[\/vc_column_text][\/vc_column][\/vc_row][vc_row row_type=\u00bbrow\u00bb use_row_as_full_screen_section=\u00bbno\u00bb type=\u00bbfull_width\u00bb angled_section=\u00bbno\u00bb text_align=\u00bbleft\u00bb background_image_as_pattern=\u00bbwithout_pattern\u00bb background_color=\u00bb#f7f7f7&#8243; css_animation=\u00bb\u00bb][vc_column][vc_empty_space height=\u00bb75&#8243;][\/vc_column][\/vc_row]<\/p>\n<\/div>","protected":false},"excerpt":{"rendered":"<p>[vc_row row_type=\u00bbrow\u00bb use_row_as_full_screen_section=\u00bbno\u00bb type=\u00bbfull_width\u00bb angled_section=\u00bbno\u00bb text_align=\u00bbleft\u00bb background_image_as_pattern=\u00bbwithout_pattern\u00bb css_animation=\u00bb\u00bb][vc_column][vc_empty_space height=\u00bb110&#8243;][\/vc_column][\/vc_row][vc_row row_type=\u00bbrow\u00bb use_row_as_full_screen_section=\u00bbno\u00bb type=\u00bbfull_width\u00bb angled_section=\u00bbno\u00bb text_align=\u00bbleft\u00bb background_image_as_pattern=\u00bbwithout_pattern\u00bb css_animation=\u00bb\u00bb][vc_column width=\u00bb1\/4&#8243;][\/vc_column][vc_column width=\u00bb1\/2&#8243;][vc_column_text] Girona Excel\u00b7lent colectivos 2016-2019. [\/vc_column_text][vc_empty_space height=\u00bb35&#8243;][\/vc_column][vc_column width=\u00bb1\/4&#8243;][\/vc_column][\/vc_row][vc_row row_type=\u00bbrow\u00bb use_row_as_full_screen_section=\u00bbno\u00bb type=\u00bbgrid\u00bb angled_section=\u00bbno\u00bb text_align=\u00bbleft\u00bb background_image_as_pattern=\u00bbwithout_pattern\u00bb css_animation=\u00bb\u00bb][vc_column width=\u00bb1\/6&#8243;][\/vc_column][vc_column width=\u00bb4\/6&#8243;][vc_column_text] Un espacio de trabajo de entidades representativas que permitan aprovechar las&#8230;<\/p>\n","protected":false},"author":1,"featured_media":0,"parent":0,"menu_order":0,"comment_status":"closed","ping_status":"closed","template":"full_width.php","meta":{"inline_featured_image":false,"footnotes":""},"class_list":["post-17651","page","type-page","status-publish","hentry"],"_links":{"self":[{"href":"https:\/\/www.gironaexcellent.cat\/es\/wp-json\/wp\/v2\/pages\/17651","targetHints":{"allow":["GET"]}}],"collection":[{"href":"https:\/\/www.gironaexcellent.cat\/es\/wp-json\/wp\/v2\/pages"}],"about":[{"href":"https:\/\/www.gironaexcellent.cat\/es\/wp-json\/wp\/v2\/types\/page"}],"author":[{"embeddable":true,"href":"https:\/\/www.gironaexcellent.cat\/es\/wp-json\/wp\/v2\/users\/1"}],"replies":[{"embeddable":true,"href":"https:\/\/www.gironaexcellent.cat\/es\/wp-json\/wp\/v2\/comments?post=17651"}],"version-history":[{"count":0,"href":"https:\/\/www.gironaexcellent.cat\/es\/wp-json\/wp\/v2\/pages\/17651\/revisions"}],"wp:attachment":[{"href":"https:\/\/www.gironaexcellent.cat\/es\/wp-json\/wp\/v2\/media?parent=17651"}],"curies":[{"name":"wp","href":"https:\/\/api.w.org\/{rel}","templated":true}]}}