{"id":17655,"date":"2017-07-29T08:53:18","date_gmt":"2017-07-29T08:53:18","guid":{"rendered":"http:\/\/www.gironaexcellent.cat\/productes\/"},"modified":"2018-12-04T08:14:54","modified_gmt":"2018-12-04T08:14:54","slug":"productos","status":"publish","type":"page","link":"https:\/\/www.gironaexcellent.cat\/es\/productos\/","title":{"rendered":"Productos 2016\/17"},"content":{"rendered":"<div class=\"wpb-content-wrapper\"><p>[vc_row row_type=\u00bbrow\u00bb use_row_as_full_screen_section=\u00bbno\u00bb type=\u00bbgrid\u00bb angled_section=\u00bbno\u00bb text_align=\u00bbleft\u00bb background_image_as_pattern=\u00bbwithout_pattern\u00bb css_animation=\u00bb\u00bb][vc_column width=\u00bb5\/6&#8243;][vc_empty_space height=\u00bb100&#8243;][vc_column_text]<\/p>\n<h4><strong>Productos 2016\/17.<\/strong><\/h4>\n<p>[\/vc_column_text][vc_column_text]<\/p>\n<h4>Los ocho sectores con sello Girona Excel\u00b7lent.<\/h4>\n<p>[\/vc_column_text][vc_separator type=\u00bbsmall\u00bb position=\u00bbleft\u00bb color=\u00bb#000000&#8243; thickness=\u00bb2&#8243; up=\u00bb10&#8243; down=\u00bb10&#8243;][vc_empty_space height=\u00bb20&#8243;][vc_column_text]36 productos de 25 empresas diferentes fueron escogidos en el mes de julio durante unas catas a ciegas, una por cada familia de productos seleccionados: anchoas arroz fuagr\u00e1s aceite vinos bebidas locales l\u00e1cteos y conservas de fruta y alm\u00edbares.[\/vc_column_text][vc_empty_space height=\u00bb60&#8243;][\/vc_column][vc_column width=\u00bb1\/6&#8243;][\/vc_column][\/vc_row][vc_row row_type=\u00bbrow\u00bb use_row_as_full_screen_section=\u00bbno\u00bb type=\u00bbgrid\u00bb angled_section=\u00bbno\u00bb text_align=\u00bbleft\u00bb background_image_as_pattern=\u00bbwithout_pattern\u00bb css_animation=\u00bb\u00bb][vc_column]<div class='projects_holder_outer v4 portfolio_with_space portfolio_standard'>\n        <div class='projects_holder portfolio_main_holder clearfix v4 standard portfolio_full_image '>\n        \n        <article class='mix portfolio_category_245 default' style=''>\n    \n    \n    \n    \n            <div class=\"item_holder thin_plus_only\">\n\n                    <div class=\"text_holder\">\n        <div class=\"text_holder_outer\">\n            <div class=\"text_holder_inner\">\n                            <span class=\"thin_plus_only_icon\">+<\/span>\n                        <\/div>\n        <\/div>\n    <\/div>\n\n                                    <a itemprop=\"url\" class=\"portfolio_link_class\" title=\"Aceite\" href=\"https:\/\/www.gironaexcellent.cat\/es\/item\/aceite\/\"><\/a>\n                \n                <div style=\"\" class=\"portfolio_shader\"><\/div>\n                <div class=\"image_holder\">\n                    \n<span class='image'><img loading=\"lazy\" decoding=\"async\" width=\"500\" height=\"500\" src=\"https:\/\/www.gironaexcellent.cat\/wp-content\/uploads\/2016\/11\/productes-oli02.jpg\" class=\"attachment-full size-full wp-post-image\" alt=\"\" srcset=\"https:\/\/www.gironaexcellent.cat\/wp-content\/uploads\/2016\/11\/productes-oli02.jpg 500w, https:\/\/www.gironaexcellent.cat\/wp-content\/uploads\/2016\/11\/productes-oli02-150x150.jpg 150w, https:\/\/www.gironaexcellent.cat\/wp-content\/uploads\/2016\/11\/productes-oli02-300x300.jpg 300w\" sizes=\"auto, (max-width: 500px) 100vw, 500px\" \/><\/span>                <\/div>\n            <\/div>\n\n                <div class='portfolio_description ' >\n\n        \n    <h2 itemprop=\"name\" class=\"portfolio_title entry_title\"><a itemprop=\"url\" href=\"https:\/\/www.gironaexcellent.cat\/es\/item\/aceite\/\" style=\"font-size: 23px\" target=\"_self\"> Aceite<\/a><\/h2>\n\n\n        \n        \n    <\/div>\n\n        \n<\/article>\n<article class='mix portfolio_category_245 default' style=''>\n    \n    \n    \n    \n            <div class=\"item_holder thin_plus_only\">\n\n                    <div class=\"text_holder\">\n        <div class=\"text_holder_outer\">\n            <div class=\"text_holder_inner\">\n                            <span class=\"thin_plus_only_icon\">+<\/span>\n                        <\/div>\n        <\/div>\n    <\/div>\n\n                                    <a itemprop=\"url\" class=\"portfolio_link_class\" title=\"Anchoas\" href=\"https:\/\/www.gironaexcellent.cat\/es\/item\/anchoas\/\"><\/a>\n                \n                <div style=\"\" class=\"portfolio_shader\"><\/div>\n                <div class=\"image_holder\">\n                    \n<span class='image'><img loading=\"lazy\" decoding=\"async\" width=\"500\" height=\"500\" src=\"https:\/\/www.gironaexcellent.cat\/wp-content\/uploads\/2016\/12\/banner_anxova.jpg\" class=\"attachment-full size-full wp-post-image\" alt=\"\" srcset=\"https:\/\/www.gironaexcellent.cat\/wp-content\/uploads\/2016\/12\/banner_anxova.jpg 500w, https:\/\/www.gironaexcellent.cat\/wp-content\/uploads\/2016\/12\/banner_anxova-150x150.jpg 150w, https:\/\/www.gironaexcellent.cat\/wp-content\/uploads\/2016\/12\/banner_anxova-300x300.jpg 300w\" sizes=\"auto, (max-width: 500px) 100vw, 500px\" \/><\/span>                <\/div>\n            <\/div>\n\n                <div class='portfolio_description ' >\n\n        \n    <h2 itemprop=\"name\" class=\"portfolio_title entry_title\"><a itemprop=\"url\" href=\"https:\/\/www.gironaexcellent.cat\/es\/item\/anchoas\/\" style=\"font-size: 23px\" target=\"_self\"> Anchoas<\/a><\/h2>\n\n\n        \n        \n    <\/div>\n\n        \n<\/article>\n<article class='mix portfolio_category_245 default' style=''>\n    \n    \n    \n    \n            <div class=\"item_holder thin_plus_only\">\n\n                    <div class=\"text_holder\">\n        <div class=\"text_holder_outer\">\n            <div class=\"text_holder_inner\">\n                            <span class=\"thin_plus_only_icon\">+<\/span>\n                        <\/div>\n        <\/div>\n    <\/div>\n\n                                    <a itemprop=\"url\" class=\"portfolio_link_class\" title=\"Arroces\" href=\"https:\/\/www.gironaexcellent.cat\/es\/item\/arroces\/\"><\/a>\n                \n                <div style=\"\" class=\"portfolio_shader\"><\/div>\n                <div class=\"image_holder\">\n                    \n<span class='image'><img loading=\"lazy\" decoding=\"async\" width=\"500\" height=\"500\" src=\"https:\/\/www.gironaexcellent.cat\/wp-content\/uploads\/2016\/11\/productes-arros02.jpg\" class=\"attachment-full size-full wp-post-image\" alt=\"\" srcset=\"https:\/\/www.gironaexcellent.cat\/wp-content\/uploads\/2016\/11\/productes-arros02.jpg 500w, https:\/\/www.gironaexcellent.cat\/wp-content\/uploads\/2016\/11\/productes-arros02-150x150.jpg 150w, https:\/\/www.gironaexcellent.cat\/wp-content\/uploads\/2016\/11\/productes-arros02-300x300.jpg 300w\" sizes=\"auto, (max-width: 500px) 100vw, 500px\" \/><\/span>                <\/div>\n            <\/div>\n\n                <div class='portfolio_description ' >\n\n        \n    <h2 itemprop=\"name\" class=\"portfolio_title entry_title\"><a itemprop=\"url\" href=\"https:\/\/www.gironaexcellent.cat\/es\/item\/arroces\/\" style=\"font-size: 23px\" target=\"_self\"> Arroces<\/a><\/h2>\n\n\n        \n        \n    <\/div>\n\n        \n<\/article>\n<article class='mix portfolio_category_245 default' style=''>\n    \n    \n    \n    \n            <div class=\"item_holder thin_plus_only\">\n\n                    <div class=\"text_holder\">\n        <div class=\"text_holder_outer\">\n            <div class=\"text_holder_inner\">\n                            <span class=\"thin_plus_only_icon\">+<\/span>\n                        <\/div>\n        <\/div>\n    <\/div>\n\n                                    <a itemprop=\"url\" class=\"portfolio_link_class\" title=\"Bebidas locales\" href=\"https:\/\/www.gironaexcellent.cat\/es\/item\/bebidas-locales\/\"><\/a>\n                \n                <div style=\"\" class=\"portfolio_shader\"><\/div>\n                <div class=\"image_holder\">\n                    \n<span class='image'><img loading=\"lazy\" decoding=\"async\" width=\"500\" height=\"500\" src=\"https:\/\/www.gironaexcellent.cat\/wp-content\/uploads\/2016\/10\/productes-pomes02.jpg\" class=\"attachment-full size-full wp-post-image\" alt=\"\" srcset=\"https:\/\/www.gironaexcellent.cat\/wp-content\/uploads\/2016\/10\/productes-pomes02.jpg 500w, https:\/\/www.gironaexcellent.cat\/wp-content\/uploads\/2016\/10\/productes-pomes02-150x150.jpg 150w, https:\/\/www.gironaexcellent.cat\/wp-content\/uploads\/2016\/10\/productes-pomes02-300x300.jpg 300w\" sizes=\"auto, (max-width: 500px) 100vw, 500px\" \/><\/span>                <\/div>\n            <\/div>\n\n                <div class='portfolio_description ' >\n\n        \n    <h2 itemprop=\"name\" class=\"portfolio_title entry_title\"><a itemprop=\"url\" href=\"https:\/\/www.gironaexcellent.cat\/es\/item\/bebidas-locales\/\" style=\"font-size: 23px\" target=\"_self\"> Bebidas locales<\/a><\/h2>\n\n\n        \n        \n    <\/div>\n\n        \n<\/article>\n<article class='mix portfolio_category_245 default' style=''>\n    \n    \n    \n    \n            <div class=\"item_holder thin_plus_only\">\n\n                    <div class=\"text_holder\">\n        <div class=\"text_holder_outer\">\n            <div class=\"text_holder_inner\">\n                            <span class=\"thin_plus_only_icon\">+<\/span>\n                        <\/div>\n        <\/div>\n    <\/div>\n\n                                    <a itemprop=\"url\" class=\"portfolio_link_class\" title=\"Conservas y alm\u00edbares\" href=\"https:\/\/www.gironaexcellent.cat\/es\/item\/conservas-y-almibares\/\"><\/a>\n                \n                <div style=\"\" class=\"portfolio_shader\"><\/div>\n                <div class=\"image_holder\">\n                    \n<span class='image'><img loading=\"lazy\" decoding=\"async\" width=\"500\" height=\"500\" src=\"https:\/\/www.gironaexcellent.cat\/wp-content\/uploads\/2016\/12\/banner_confitures.jpg\" class=\"attachment-full size-full wp-post-image\" alt=\"\" srcset=\"https:\/\/www.gironaexcellent.cat\/wp-content\/uploads\/2016\/12\/banner_confitures.jpg 500w, https:\/\/www.gironaexcellent.cat\/wp-content\/uploads\/2016\/12\/banner_confitures-150x150.jpg 150w, https:\/\/www.gironaexcellent.cat\/wp-content\/uploads\/2016\/12\/banner_confitures-300x300.jpg 300w\" sizes=\"auto, (max-width: 500px) 100vw, 500px\" \/><\/span>                <\/div>\n            <\/div>\n\n                <div class='portfolio_description ' >\n\n        \n    <h2 itemprop=\"name\" class=\"portfolio_title entry_title\"><a itemprop=\"url\" href=\"https:\/\/www.gironaexcellent.cat\/es\/item\/conservas-y-almibares\/\" style=\"font-size: 23px\" target=\"_self\"> Conservas y alm\u00edbares<\/a><\/h2>\n\n\n        \n        \n    <\/div>\n\n        \n<\/article>\n<article class='mix portfolio_category_245 default' style=''>\n    \n    \n    \n    \n            <div class=\"item_holder thin_plus_only\">\n\n                    <div class=\"text_holder\">\n        <div class=\"text_holder_outer\">\n            <div class=\"text_holder_inner\">\n                            <span class=\"thin_plus_only_icon\">+<\/span>\n                        <\/div>\n        <\/div>\n    <\/div>\n\n                                    <a itemprop=\"url\" class=\"portfolio_link_class\" title=\"Foie gras\" href=\"https:\/\/www.gironaexcellent.cat\/es\/item\/foie-gras\/\"><\/a>\n                \n                <div style=\"\" class=\"portfolio_shader\"><\/div>\n                <div class=\"image_holder\">\n                    \n<span class='image'><img loading=\"lazy\" decoding=\"async\" width=\"500\" height=\"500\" src=\"https:\/\/www.gironaexcellent.cat\/wp-content\/uploads\/2016\/12\/banners-web_foie.jpg\" class=\"attachment-full size-full wp-post-image\" alt=\"\" srcset=\"https:\/\/www.gironaexcellent.cat\/wp-content\/uploads\/2016\/12\/banners-web_foie.jpg 500w, https:\/\/www.gironaexcellent.cat\/wp-content\/uploads\/2016\/12\/banners-web_foie-150x150.jpg 150w, https:\/\/www.gironaexcellent.cat\/wp-content\/uploads\/2016\/12\/banners-web_foie-300x300.jpg 300w\" sizes=\"auto, (max-width: 500px) 100vw, 500px\" \/><\/span>                <\/div>\n            <\/div>\n\n                <div class='portfolio_description ' >\n\n        \n    <h2 itemprop=\"name\" class=\"portfolio_title entry_title\"><a itemprop=\"url\" href=\"https:\/\/www.gironaexcellent.cat\/es\/item\/foie-gras\/\" style=\"font-size: 23px\" target=\"_self\"> Foie gras<\/a><\/h2>\n\n\n        \n        \n    <\/div>\n\n        \n<\/article>\n<article class='mix portfolio_category_245 default' style=''>\n    \n    \n    \n    \n            <div class=\"item_holder thin_plus_only\">\n\n                    <div class=\"text_holder\">\n        <div class=\"text_holder_outer\">\n            <div class=\"text_holder_inner\">\n                            <span class=\"thin_plus_only_icon\">+<\/span>\n                        <\/div>\n        <\/div>\n    <\/div>\n\n                                    <a itemprop=\"url\" class=\"portfolio_link_class\" title=\"L\u00e1cteos\" href=\"https:\/\/www.gironaexcellent.cat\/es\/item\/lacteos\/\"><\/a>\n                \n                <div style=\"\" class=\"portfolio_shader\"><\/div>\n                <div class=\"image_holder\">\n                    \n<span class='image'><img loading=\"lazy\" decoding=\"async\" width=\"500\" height=\"500\" src=\"https:\/\/www.gironaexcellent.cat\/wp-content\/uploads\/2016\/11\/productes-lactics02.jpg\" class=\"attachment-full size-full wp-post-image\" alt=\"\" srcset=\"https:\/\/www.gironaexcellent.cat\/wp-content\/uploads\/2016\/11\/productes-lactics02.jpg 500w, https:\/\/www.gironaexcellent.cat\/wp-content\/uploads\/2016\/11\/productes-lactics02-150x150.jpg 150w, https:\/\/www.gironaexcellent.cat\/wp-content\/uploads\/2016\/11\/productes-lactics02-300x300.jpg 300w\" sizes=\"auto, (max-width: 500px) 100vw, 500px\" \/><\/span>                <\/div>\n            <\/div>\n\n                <div class='portfolio_description ' >\n\n        \n    <h2 itemprop=\"name\" class=\"portfolio_title entry_title\"><a itemprop=\"url\" href=\"https:\/\/www.gironaexcellent.cat\/es\/item\/lacteos\/\" style=\"font-size: 23px\" target=\"_self\"> L\u00e1cteos<\/a><\/h2>\n\n\n        \n        \n    <\/div>\n\n        \n<\/article>\n<article class='mix portfolio_category_245 default' style=''>\n    \n    \n    \n    \n            <div class=\"item_holder thin_plus_only\">\n\n                    <div class=\"text_holder\">\n        <div class=\"text_holder_outer\">\n            <div class=\"text_holder_inner\">\n                            <span class=\"thin_plus_only_icon\">+<\/span>\n                        <\/div>\n        <\/div>\n    <\/div>\n\n                                    <a itemprop=\"url\" class=\"portfolio_link_class\" title=\"Vinos y vinos dulces\" href=\"https:\/\/www.gironaexcellent.cat\/es\/item\/vinos-y-vinos-dulces\/\"><\/a>\n                \n                <div style=\"\" class=\"portfolio_shader\"><\/div>\n                <div class=\"image_holder\">\n                    \n<span class='image'><img loading=\"lazy\" decoding=\"async\" width=\"500\" height=\"500\" src=\"https:\/\/www.gironaexcellent.cat\/wp-content\/uploads\/2016\/12\/banners-web_vi.jpg\" class=\"attachment-full size-full wp-post-image\" alt=\"\" srcset=\"https:\/\/www.gironaexcellent.cat\/wp-content\/uploads\/2016\/12\/banners-web_vi.jpg 500w, https:\/\/www.gironaexcellent.cat\/wp-content\/uploads\/2016\/12\/banners-web_vi-150x150.jpg 150w, https:\/\/www.gironaexcellent.cat\/wp-content\/uploads\/2016\/12\/banners-web_vi-300x300.jpg 300w\" sizes=\"auto, (max-width: 500px) 100vw, 500px\" \/><\/span>                <\/div>\n            <\/div>\n\n                <div class='portfolio_description ' >\n\n        \n    <h2 itemprop=\"name\" class=\"portfolio_title entry_title\"><a itemprop=\"url\" href=\"https:\/\/www.gironaexcellent.cat\/es\/item\/vinos-y-vinos-dulces\/\" style=\"font-size: 23px\" target=\"_self\"> Vinos y vinos dulces<\/a><\/h2>\n\n\n        \n        \n    <\/div>\n\n        \n<\/article>\n        <div class='filler'><\/div>\n            <div class='filler'><\/div>\n            <div class='filler'><\/div>\n            <div class='filler'><\/div>\n        <\/div>\n\n    \n    <\/div>[\/vc_column][\/vc_row][vc_row row_type=\u00bbrow\u00bb use_row_as_full_screen_section=\u00bbno\u00bb type=\u00bbgrid\u00bb angled_section=\u00bbno\u00bb text_align=\u00bbleft\u00bb background_image_as_pattern=\u00bbwithout_pattern\u00bb css_animation=\u00bb\u00bb][vc_column][vc_empty_space height=\u00bb50&#8243;][vc_separator type=\u00bbnormal\u00bb color=\u00bb#0a0a0a\u00bb thickness=\u00bb1&#8243;][vc_empty_space height=\u00bb75&#8243;][\/vc_column][\/vc_row][vc_row row_type=\u00bbrow\u00bb use_row_as_full_screen_section=\u00bbno\u00bb type=\u00bbgrid\u00bb angled_section=\u00bbno\u00bb text_align=\u00bbleft\u00bb background_image_as_pattern=\u00bbwithout_pattern\u00bb css_animation=\u00bb\u00bb][vc_column width=\u00bb2\/3&#8243;][vc_column_text]<\/p>\n<h4><strong>Productos permanentes.<\/strong><\/h4>\n<p>[\/vc_column_text][vc_column_text]<\/p>\n<h4>Los sellos permanentes Girona Excel\u00b7lent.<\/h4>\n<p>[\/vc_column_text][vc_separator type=\u00bbsmall\u00bb position=\u00bbleft\u00bb color=\u00bb#000000&#8243; thickness=\u00bb2&#8243; up=\u00bb10&#8243; down=\u00bb10&#8243;][vc_empty_space height=\u00bb20&#8243;][vc_column_text]Los productos permanentes son aquellos que figuran en la lista de los escogidos desde la primera edici\u00f3n.[\/vc_column_text][vc_empty_space height=\u00bb60&#8243;][\/vc_column][vc_column width=\u00bb1\/3&#8243;][\/vc_column][\/vc_row][vc_row row_type=\u00bbrow\u00bb use_row_as_full_screen_section=\u00bbno\u00bb type=\u00bbgrid\u00bb angled_section=\u00bbno\u00bb text_align=\u00bbleft\u00bb background_image_as_pattern=\u00bbwithout_pattern\u00bb css_animation=\u00bb\u00bb][vc_column]<div class='projects_holder_outer v3 portfolio_with_space portfolio_standard'>\n        <div class='projects_holder portfolio_main_holder clearfix v3 standard portfolio_full_image '>\n        \n        <article class='mix portfolio_category_248 portfolio_category_249 default' style=''>\n    \n    \n    \n    \n            <div class=\"item_holder thin_plus_only\">\n\n                    <div class=\"text_holder\">\n        <div class=\"text_holder_outer\">\n            <div class=\"text_holder_inner\">\n                            <span class=\"thin_plus_only_icon\">+<\/span>\n                        <\/div>\n        <\/div>\n    <\/div>\n\n                                    <a itemprop=\"url\" class=\"portfolio_link_class\" title=\"Alubias (DOP Fesols de Santa Pau)\" href=\"https:\/\/www.gironaexcellent.cat\/es\/item\/alubias-dop-fesols-de-santa-pau\/\"><\/a>\n                \n                <div style=\"\" class=\"portfolio_shader\"><\/div>\n                <div class=\"image_holder\">\n                    \n<span class='image'><img loading=\"lazy\" decoding=\"async\" width=\"500\" height=\"500\" src=\"https:\/\/www.gironaexcellent.cat\/wp-content\/uploads\/2016\/12\/banners-web_fesol.jpg\" class=\"attachment-full size-full wp-post-image\" alt=\"\" srcset=\"https:\/\/www.gironaexcellent.cat\/wp-content\/uploads\/2016\/12\/banners-web_fesol.jpg 500w, https:\/\/www.gironaexcellent.cat\/wp-content\/uploads\/2016\/12\/banners-web_fesol-150x150.jpg 150w, https:\/\/www.gironaexcellent.cat\/wp-content\/uploads\/2016\/12\/banners-web_fesol-300x300.jpg 300w\" sizes=\"auto, (max-width: 500px) 100vw, 500px\" \/><\/span>                <\/div>\n            <\/div>\n\n                <div class='portfolio_description ' >\n\n        \n    <h2 itemprop=\"name\" class=\"portfolio_title entry_title\"><a itemprop=\"url\" href=\"https:\/\/www.gironaexcellent.cat\/es\/item\/alubias-dop-fesols-de-santa-pau\/\" style=\"font-size: 23px\" target=\"_self\"> Alubias (DOP Fesols de Santa Pau)<\/a><\/h2>\n\n\n        \n        \n    <\/div>\n\n        \n<\/article>\n<article class='mix portfolio_category_248 portfolio_category_249 default' style=''>\n    \n    \n    \n    \n            <div class=\"item_holder thin_plus_only\">\n\n                    <div class=\"text_holder\">\n        <div class=\"text_holder_outer\">\n            <div class=\"text_holder_inner\">\n                            <span class=\"thin_plus_only_icon\">+<\/span>\n                        <\/div>\n        <\/div>\n    <\/div>\n\n                                    <a itemprop=\"url\" class=\"portfolio_link_class\" title=\"Galletas\" href=\"https:\/\/www.gironaexcellent.cat\/es\/item\/galletas\/\"><\/a>\n                \n                <div style=\"\" class=\"portfolio_shader\"><\/div>\n                <div class=\"image_holder\">\n                    \n<span class='image'><img loading=\"lazy\" decoding=\"async\" width=\"500\" height=\"500\" src=\"https:\/\/www.gironaexcellent.cat\/wp-content\/uploads\/2016\/12\/banners-web_galetes.jpg\" class=\"attachment-full size-full wp-post-image\" alt=\"\" srcset=\"https:\/\/www.gironaexcellent.cat\/wp-content\/uploads\/2016\/12\/banners-web_galetes.jpg 500w, https:\/\/www.gironaexcellent.cat\/wp-content\/uploads\/2016\/12\/banners-web_galetes-150x150.jpg 150w, https:\/\/www.gironaexcellent.cat\/wp-content\/uploads\/2016\/12\/banners-web_galetes-300x300.jpg 300w\" sizes=\"auto, (max-width: 500px) 100vw, 500px\" \/><\/span>                <\/div>\n            <\/div>\n\n                <div class='portfolio_description ' >\n\n        \n    <h2 itemprop=\"name\" class=\"portfolio_title entry_title\"><a itemprop=\"url\" href=\"https:\/\/www.gironaexcellent.cat\/es\/item\/galletas\/\" style=\"font-size: 23px\" target=\"_self\"> Galletas<\/a><\/h2>\n\n\n        \n        \n    <\/div>\n\n        \n<\/article>\n<article class='mix portfolio_category_248 portfolio_category_249 default' style=''>\n    \n    \n    \n    \n            <div class=\"item_holder thin_plus_only\">\n\n                    <div class=\"text_holder\">\n        <div class=\"text_holder_outer\">\n            <div class=\"text_holder_inner\">\n                            <span class=\"thin_plus_only_icon\">+<\/span>\n                        <\/div>\n        <\/div>\n    <\/div>\n\n                                    <a itemprop=\"url\" class=\"portfolio_link_class\" title=\"Manzanas (IGP Poma de Girona)\" href=\"https:\/\/www.gironaexcellent.cat\/es\/item\/manzanas-igp-poma-de-girona\/\"><\/a>\n                \n                <div style=\"\" class=\"portfolio_shader\"><\/div>\n                <div class=\"image_holder\">\n                    \n<span class='image'><img loading=\"lazy\" decoding=\"async\" width=\"500\" height=\"500\" src=\"https:\/\/www.gironaexcellent.cat\/wp-content\/uploads\/2016\/12\/banners-web_poma.jpg\" class=\"attachment-full size-full wp-post-image\" alt=\"\" srcset=\"https:\/\/www.gironaexcellent.cat\/wp-content\/uploads\/2016\/12\/banners-web_poma.jpg 500w, https:\/\/www.gironaexcellent.cat\/wp-content\/uploads\/2016\/12\/banners-web_poma-150x150.jpg 150w, https:\/\/www.gironaexcellent.cat\/wp-content\/uploads\/2016\/12\/banners-web_poma-300x300.jpg 300w\" sizes=\"auto, (max-width: 500px) 100vw, 500px\" \/><\/span>                <\/div>\n            <\/div>\n\n                <div class='portfolio_description ' >\n\n        \n    <h2 itemprop=\"name\" class=\"portfolio_title entry_title\"><a itemprop=\"url\" href=\"https:\/\/www.gironaexcellent.cat\/es\/item\/manzanas-igp-poma-de-girona\/\" style=\"font-size: 23px\" target=\"_self\"> Manzanas (IGP Poma de Girona)<\/a><\/h2>\n\n\n        \n        \n    <\/div>\n\n        \n<\/article>\n        <div class='filler'><\/div>\n            <div class='filler'><\/div>\n            <div class='filler'><\/div>\n        <\/div>\n\n    \n    <\/div>[\/vc_column][\/vc_row][vc_row row_type=\u00bbrow\u00bb use_row_as_full_screen_section=\u00bbno\u00bb type=\u00bbfull_width\u00bb angled_section=\u00bbno\u00bb text_align=\u00bbleft\u00bb background_image_as_pattern=\u00bbwithout_pattern\u00bb css_animation=\u00bb\u00bb][vc_column][vc_empty_space height=\u00bb100px\u00bb][\/vc_column][\/vc_row]<\/p>\n<\/div>","protected":false},"excerpt":{"rendered":"<p>[vc_row row_type=\u00bbrow\u00bb use_row_as_full_screen_section=\u00bbno\u00bb type=\u00bbgrid\u00bb angled_section=\u00bbno\u00bb text_align=\u00bbleft\u00bb background_image_as_pattern=\u00bbwithout_pattern\u00bb css_animation=\u00bb\u00bb][vc_column width=\u00bb5\/6&#8243;][vc_empty_space height=\u00bb100&#8243;][vc_column_text] Productos 2016\/17. [\/vc_column_text][vc_column_text] Los ocho sectores con sello Girona Excel\u00b7lent. [\/vc_column_text][vc_separator type=\u00bbsmall\u00bb position=\u00bbleft\u00bb color=\u00bb#000000&#8243; thickness=\u00bb2&#8243; up=\u00bb10&#8243; down=\u00bb10&#8243;][vc_empty_space height=\u00bb20&#8243;][vc_column_text]36 productos de 25 empresas diferentes fueron escogidos en el mes de julio durante unas catas a ciegas,&#8230;<\/p>\n","protected":false},"author":1,"featured_media":0,"parent":0,"menu_order":0,"comment_status":"closed","ping_status":"closed","template":"full_width.php","meta":{"inline_featured_image":false,"footnotes":""},"class_list":["post-17655","page","type-page","status-publish","hentry"],"_links":{"self":[{"href":"https:\/\/www.gironaexcellent.cat\/es\/wp-json\/wp\/v2\/pages\/17655","targetHints":{"allow":["GET"]}}],"collection":[{"href":"https:\/\/www.gironaexcellent.cat\/es\/wp-json\/wp\/v2\/pages"}],"about":[{"href":"https:\/\/www.gironaexcellent.cat\/es\/wp-json\/wp\/v2\/types\/page"}],"author":[{"embeddable":true,"href":"https:\/\/www.gironaexcellent.cat\/es\/wp-json\/wp\/v2\/users\/1"}],"replies":[{"embeddable":true,"href":"https:\/\/www.gironaexcellent.cat\/es\/wp-json\/wp\/v2\/comments?post=17655"}],"version-history":[{"count":0,"href":"https:\/\/www.gironaexcellent.cat\/es\/wp-json\/wp\/v2\/pages\/17655\/revisions"}],"wp:attachment":[{"href":"https:\/\/www.gironaexcellent.cat\/es\/wp-json\/wp\/v2\/media?parent=17655"}],"curies":[{"name":"wp","href":"https:\/\/api.w.org\/{rel}","templated":true}]}}