{"id":17597,"date":"2017-07-27T13:39:19","date_gmt":"2017-07-27T13:39:19","guid":{"rendered":"http:\/\/www.gironaexcellent.cat\/inici\/"},"modified":"2024-07-26T08:40:20","modified_gmt":"2024-07-26T08:40:20","slug":"inici","status":"publish","type":"page","link":"https:\/\/www.gironaexcellent.cat\/fr\/","title":{"rendered":"Accueil"},"content":{"rendered":"<div class=\"wpb-content-wrapper\"><p>[vc_row css_animation=\u00a0\u00bb\u00a0\u00bb row_type=\u00a0\u00bbrow\u00a0\u00bb use_row_as_full_screen_section=\u00a0\u00bbyes\u00a0\u00bb type=\u00a0\u00bbfull_width\u00a0\u00bb angled_section=\u00a0\u00bbno\u00a0\u00bb text_align=\u00a0\u00bbleft\u00a0\u00bb background_image_as_pattern=\u00a0\u00bbwithout_pattern\u00a0\u00bb background_color=\u00a0\u00bb#000000&Prime;][vc_column width=\u00a0\u00bb1\/4&Prime;][\/vc_column][vc_column width=\u00a0\u00bb1\/2&Prime;][vc_separator type=\u00a0\u00bbtransparent\u00a0\u00bb up=\u00a0\u00bb75&Prime;][vc_column_text]<\/p>\n<h4 style=\"text-align: center;\"><span style=\"color: #ffffff;\"><strong>Girona Excel\u00b7lent est le label de qualit\u00e9 agroalimentaire<\/strong> de la Diputaci\u00f3 de Girona qui reconna\u00eet les meilleurs produits de la r\u00e9gion de G\u00e9rone. Les produits retenus sont \u00e9labor\u00e9s \u00e0 cent pour cent dans la r\u00e9gion de G\u00e9rone et ont \u00e9t\u00e9 s\u00e9lectionn\u00e9s lors de d\u00e9gustations \u00e0 l\u2019aveugle par les meilleurs chefs cuisiniers, \u0153nologues et critiques en gastronomie.<\/span><\/h4>\n<p>[\/vc_column_text][vc_separator type=\u00a0\u00bbtransparent\u00a0\u00bb up=\u00a0\u00bb75&Prime;][\/vc_column][vc_column width=\u00a0\u00bb1\/4&Prime;][\/vc_column][\/vc_row][vc_row css_animation=\u00a0\u00bb\u00a0\u00bb row_type=\u00a0\u00bbrow\u00a0\u00bb use_row_as_full_screen_section=\u00a0\u00bbno\u00a0\u00bb type=\u00a0\u00bbfull_width\u00a0\u00bb angled_section=\u00a0\u00bbno\u00a0\u00bb text_align=\u00a0\u00bbleft\u00a0\u00bb background_image_as_pattern=\u00a0\u00bbwithout_pattern\u00a0\u00bb background_color=\u00a0\u00bb#ffffff\u00a0\u00bb][vc_column][vc_separator type=\u00a0\u00bbtransparent\u00a0\u00bb up=\u00a0\u00bb137&Prime;][\/vc_column][\/vc_row][vc_row css_animation=\u00a0\u00bb\u00a0\u00bb row_type=\u00a0\u00bbrow\u00a0\u00bb use_row_as_full_screen_section=\u00a0\u00bbno\u00a0\u00bb type=\u00a0\u00bbgrid\u00a0\u00bb angled_section=\u00a0\u00bbno\u00a0\u00bb text_align=\u00a0\u00bbleft\u00a0\u00bb background_image_as_pattern=\u00a0\u00bbwithout_pattern\u00a0\u00bb background_color=\u00a0\u00bb#ffffff\u00a0\u00bb][vc_column width=\u00a0\u00bb2\/6&Prime;][vc_column_text]<\/p>\n<h4><strong>Produits.<\/strong><\/h4>\n<p>[\/vc_column_text][vc_column_text]<\/p>\n<h4>S\u00e9lectionn\u00e9s lors de quatorze d\u00e9gustations \u00e0 l\u2019aveugle.<\/h4>\n<p>[\/vc_column_text][vc_separator type=\u00a0\u00bbsmall\u00a0\u00bb position=\u00a0\u00bbleft\u00a0\u00bb color=\u00a0\u00bb#000000&Prime; thickness=\u00a0\u00bb2&Prime; up=\u00a0\u00bb10&Prime; down=\u00a0\u00bb10&Prime;][vc_column_text]<\/p>\n<div class=\"wpb_text_column wpb_content_element \">\n<div class=\"wpb_wrapper\">\n<p>Au total, cent seize produits provenant de soixante-dix entreprises ont \u00e9t\u00e9 s\u00e9lectionn\u00e9s au cours des mois de mai et juin 2023 lors de d\u00e9gustations \u00e0 l\u2019aveugle de quatorze familles de produits : eaux min\u00e9rales, riz, boissons locales, caf\u00e9s et herbes m\u00e9dicinales, conserves et semi-conserves, charcuteries, fruits secs, foie gras, biscuits, glaces, produits laitiers, huile d\u2019olive, miels et vins, et vins liquoreux. Les biscuits figurent de nouveau dans la liste, et les glaces sont les nouveaut\u00e9s introduites dans cette cinqui\u00e8me \u00e9dition.<\/p>\n<\/div>\n<\/div>\n<p>[\/vc_column_text][vc_separator type=\u00a0\u00bbtransparent\u00a0\u00bb thickness=\u00a0\u00bb30&Prime;][vc_column_text]<a href=\"https:\/\/www.gironaexcellent.cat\/fr\/productes-2324\/\"><strong>D\u00e9couvrez les produits&gt;<\/strong><\/a>[\/vc_column_text][vc_separator type=\u00a0\u00bbtransparent\u00a0\u00bb thickness=\u00a0\u00bb30&Prime;][\/vc_column][vc_column width=\u00a0\u00bb4\/6&Prime;][vc_single_image image=\u00a0\u00bb25803&Prime; img_size=\u00a0\u00bbfull\u00a0\u00bb qode_css_animation=\u00a0\u00bb\u00a0\u00bb][\/vc_column][\/vc_row][vc_row css_animation=\u00a0\u00bb\u00a0\u00bb row_type=\u00a0\u00bbrow\u00a0\u00bb use_row_as_full_screen_section=\u00a0\u00bbno\u00a0\u00bb type=\u00a0\u00bbfull_width\u00a0\u00bb angled_section=\u00a0\u00bbno\u00a0\u00bb text_align=\u00a0\u00bbleft\u00a0\u00bb background_image_as_pattern=\u00a0\u00bbwithout_pattern\u00a0\u00bb background_color=\u00a0\u00bb#ffffff\u00a0\u00bb][vc_column][vc_separator type=\u00a0\u00bbtransparent\u00a0\u00bb up=\u00a0\u00bb80&Prime;][\/vc_column][\/vc_row][vc_row css_animation=\u00a0\u00bb\u00a0\u00bb row_type=\u00a0\u00bbrow\u00a0\u00bb use_row_as_full_screen_section=\u00a0\u00bbno\u00a0\u00bb type=\u00a0\u00bbgrid\u00a0\u00bb angled_section=\u00a0\u00bbno\u00a0\u00bb text_align=\u00a0\u00bbleft\u00a0\u00bb background_image_as_pattern=\u00a0\u00bbwithout_pattern\u00a0\u00bb background_color=\u00a0\u00bb#ffffff\u00a0\u00bb][vc_column width=\u00a0\u00bb4\/6&Prime;][vc_single_image image=\u00a0\u00bb18992&Prime; img_size=\u00a0\u00bbfull\u00a0\u00bb qode_css_animation=\u00a0\u00bb\u00a0\u00bb][vc_separator type=\u00a0\u00bbtransparent\u00a0\u00bb thickness=\u00a0\u00bb30&Prime;][\/vc_column][vc_column width=\u00a0\u00bb2\/6&Prime;][vc_column_text]<\/p>\n<h4><strong>Les d\u00e9gustateurs.<\/strong><\/h4>\n<p>[\/vc_column_text][vc_column_text]<\/p>\n<h4>Le r\u00f4le essentiel du projet.<\/h4>\n<p>[\/vc_column_text][vc_separator type=\u00a0\u00bbsmall\u00a0\u00bb position=\u00a0\u00bbleft\u00a0\u00bb color=\u00a0\u00bb#000000&Prime; thickness=\u00a0\u00bb2&Prime; up=\u00a0\u00bb10&Prime; down=\u00a0\u00bb10&Prime;][vc_column_text]Les d\u00e9gustateurs ont eu la responsabilit\u00e9 d\u2019\u00e9valuer, lors de d\u00e9gustations \u00e0 l\u2019aveugle, les produits s\u00e9lectionn\u00e9s pour le label Girona Excel\u00b7lent. Gr\u00e2ce \u00e0 leurs connaissances et leurs exp\u00e9riences, ces d\u00e9gustateurs ont d\u00e9termin\u00e9 la qualit\u00e9 et le niveau des produits.[\/vc_column_text][vc_separator type=\u00a0\u00bbtransparent\u00a0\u00bb thickness=\u00a0\u00bb30&Prime;][vc_column_text]<a href=\"https:\/\/www.gironaexcellent.cat\/fr\/tastadors-2324\/\"><strong>D\u00e9couvrez les d\u00e9gustateurs&gt;<\/strong><\/a>[\/vc_column_text][\/vc_column][\/vc_row][vc_row css_animation=\u00a0\u00bb\u00a0\u00bb row_type=\u00a0\u00bbrow\u00a0\u00bb use_row_as_full_screen_section=\u00a0\u00bbno\u00a0\u00bb type=\u00a0\u00bbfull_width\u00a0\u00bb angled_section=\u00a0\u00bbno\u00a0\u00bb text_align=\u00a0\u00bbleft\u00a0\u00bb background_image_as_pattern=\u00a0\u00bbwithout_pattern\u00a0\u00bb background_color=\u00a0\u00bb#ffffff\u00a0\u00bb][vc_column][vc_separator type=\u00a0\u00bbtransparent\u00a0\u00bb up=\u00a0\u00bb100&Prime;][\/vc_column][\/vc_row][vc_row css_animation=\u00a0\u00bb\u00a0\u00bb row_type=\u00a0\u00bbrow\u00a0\u00bb use_row_as_full_screen_section=\u00a0\u00bbno\u00a0\u00bb type=\u00a0\u00bbgrid\u00a0\u00bb angled_section=\u00a0\u00bbno\u00a0\u00bb text_align=\u00a0\u00bbleft\u00a0\u00bb background_image_as_pattern=\u00a0\u00bbwithout_pattern\u00a0\u00bb background_color=\u00a0\u00bb#ffffff\u00a0\u00bb][vc_column][vc_column_text]<\/p>\n<h4>Derni\u00e8res<strong> recettes.<\/strong><\/h4>\n<p>[\/vc_column_text][vc_separator type=\u00a0\u00bbnormal\u00a0\u00bb color=\u00a0\u00bb#0a0a0a\u00a0\u00bb thickness=\u00a0\u00bb1&Prime; up=\u00a0\u00bb10&Prime; down=\u00a0\u00bb30&Prime;]<div class='projects_holder_outer v5 portfolio_with_space portfolio_standard'>\n        <div class='projects_holder portfolio_main_holder clearfix v5 standard portfolio_full_image '>\n        \n        <article class='mix portfolio_category_268 portfolio_category_284 portfolio_category_273 default' style=''>\n    \n    \n    \n    \n            <div class=\"item_holder thin_plus_only\">\n\n                    <div class=\"text_holder\">\n        <div class=\"text_holder_outer\">\n            <div class=\"text_holder_inner\">\n                            <span class=\"thin_plus_only_icon\">+<\/span>\n                        <\/div>\n        <\/div>\n    <\/div>\n\n                                    <a itemprop=\"url\" class=\"portfolio_link_class\" title=\"C\u00f2ctel de ginebra i poma de girona\" href=\"https:\/\/www.gironaexcellent.cat\/fr\/item\/coctel-de-ginebra-i-poma-de-girona\/\"><\/a>\n                \n                <div style=\"\" class=\"portfolio_shader\"><\/div>\n                <div class=\"image_holder\">\n                    \n<span class='image'><img loading=\"lazy\" decoding=\"async\" width=\"500\" height=\"500\" src=\"https:\/\/www.gironaexcellent.cat\/wp-content\/uploads\/2018\/12\/coctel-ginebra-poma-girona.jpg\" class=\"attachment-full size-full wp-post-image\" alt=\"\" srcset=\"https:\/\/www.gironaexcellent.cat\/wp-content\/uploads\/2018\/12\/coctel-ginebra-poma-girona.jpg 500w, https:\/\/www.gironaexcellent.cat\/wp-content\/uploads\/2018\/12\/coctel-ginebra-poma-girona-150x150.jpg 150w, https:\/\/www.gironaexcellent.cat\/wp-content\/uploads\/2018\/12\/coctel-ginebra-poma-girona-300x300.jpg 300w\" sizes=\"auto, (max-width: 500px) 100vw, 500px\" \/><\/span>                <\/div>\n            <\/div>\n\n                <div class='portfolio_description text_align_left' >\n\n        \n    <h6 itemprop=\"name\" class=\"portfolio_title entry_title\"><a itemprop=\"url\" href=\"https:\/\/www.gironaexcellent.cat\/fr\/item\/coctel-de-ginebra-i-poma-de-girona\/\"  target=\"_self\"> C\u00f2ctel de ginebra i poma de girona<\/a><\/h6>\n\n\n        \n        \n    <\/div>\n\n        \n<\/article>\n<article class='mix portfolio_category_300 portfolio_category_268 portfolio_category_305 portfolio_category_273 default' style=''>\n    \n    \n    \n    \n            <div class=\"item_holder thin_plus_only\">\n\n                    <div class=\"text_holder\">\n        <div class=\"text_holder_outer\">\n            <div class=\"text_holder_inner\">\n                            <span class=\"thin_plus_only_icon\">+<\/span>\n                        <\/div>\n        <\/div>\n    <\/div>\n\n                                    <a itemprop=\"url\" class=\"portfolio_link_class\" title=\"Fesols de Santa Pau amb pil-pil de bolets\" href=\"https:\/\/www.gironaexcellent.cat\/fr\/item\/fesols-de-santa-pau-amb-pil-pil-de-bolets\/\"><\/a>\n                \n                <div style=\"\" class=\"portfolio_shader\"><\/div>\n                <div class=\"image_holder\">\n                    \n<span class='image'><img loading=\"lazy\" decoding=\"async\" width=\"500\" height=\"500\" src=\"https:\/\/www.gironaexcellent.cat\/wp-content\/uploads\/2018\/12\/fesols-santa-pau-pilpil-bolets.jpg\" class=\"attachment-full size-full wp-post-image\" alt=\"\" srcset=\"https:\/\/www.gironaexcellent.cat\/wp-content\/uploads\/2018\/12\/fesols-santa-pau-pilpil-bolets.jpg 500w, https:\/\/www.gironaexcellent.cat\/wp-content\/uploads\/2018\/12\/fesols-santa-pau-pilpil-bolets-150x150.jpg 150w, https:\/\/www.gironaexcellent.cat\/wp-content\/uploads\/2018\/12\/fesols-santa-pau-pilpil-bolets-300x300.jpg 300w\" sizes=\"auto, (max-width: 500px) 100vw, 500px\" \/><\/span>                <\/div>\n            <\/div>\n\n                <div class='portfolio_description text_align_left' >\n\n        \n    <h6 itemprop=\"name\" class=\"portfolio_title entry_title\"><a itemprop=\"url\" href=\"https:\/\/www.gironaexcellent.cat\/fr\/item\/fesols-de-santa-pau-amb-pil-pil-de-bolets\/\"  target=\"_self\"> Fesols de Santa Pau amb pil-pil de bolets<\/a><\/h6>\n\n\n        \n        \n    <\/div>\n\n        \n<\/article>\n<article class='mix portfolio_category_300 portfolio_category_268 portfolio_category_272 portfolio_category_273 default' style=''>\n    \n    \n    \n    \n            <div class=\"item_holder thin_plus_only\">\n\n                    <div class=\"text_holder\">\n        <div class=\"text_holder_outer\">\n            <div class=\"text_holder_inner\">\n                            <span class=\"thin_plus_only_icon\">+<\/span>\n                        <\/div>\n        <\/div>\n    <\/div>\n\n                                    <a itemprop=\"url\" class=\"portfolio_link_class\" title=\"Espatlles de conill confitades amb oli d&rsquo;oliva verge extra i canyella\" href=\"https:\/\/www.gironaexcellent.cat\/fr\/item\/espatlles-de-conill-confitades-amb-oli-doliva-verge-extra-i-canyella\/\"><\/a>\n                \n                <div style=\"\" class=\"portfolio_shader\"><\/div>\n                <div class=\"image_holder\">\n                    \n<span class='image'><img loading=\"lazy\" decoding=\"async\" width=\"500\" height=\"500\" src=\"https:\/\/www.gironaexcellent.cat\/wp-content\/uploads\/2018\/12\/espatlles-conill-oli-canyella.jpg\" class=\"attachment-full size-full wp-post-image\" alt=\"\" srcset=\"https:\/\/www.gironaexcellent.cat\/wp-content\/uploads\/2018\/12\/espatlles-conill-oli-canyella.jpg 500w, https:\/\/www.gironaexcellent.cat\/wp-content\/uploads\/2018\/12\/espatlles-conill-oli-canyella-150x150.jpg 150w, https:\/\/www.gironaexcellent.cat\/wp-content\/uploads\/2018\/12\/espatlles-conill-oli-canyella-300x300.jpg 300w\" sizes=\"auto, (max-width: 500px) 100vw, 500px\" \/><\/span>                <\/div>\n            <\/div>\n\n                <div class='portfolio_description text_align_left' >\n\n        \n    <h6 itemprop=\"name\" class=\"portfolio_title entry_title\"><a itemprop=\"url\" href=\"https:\/\/www.gironaexcellent.cat\/fr\/item\/espatlles-de-conill-confitades-amb-oli-doliva-verge-extra-i-canyella\/\"  target=\"_self\"> Espatlles de conill confitades amb oli d&rsquo;oliva verge extra i canyella<\/a><\/h6>\n\n\n        \n        \n    <\/div>\n\n        \n<\/article>\n<article class='mix portfolio_category_390 portfolio_category_267 portfolio_category_268 portfolio_category_291 portfolio_category_273 default' style=''>\n    \n    \n    \n    \n            <div class=\"item_holder thin_plus_only\">\n\n                    <div class=\"text_holder\">\n        <div class=\"text_holder_outer\">\n            <div class=\"text_holder_inner\">\n                            <span class=\"thin_plus_only_icon\">+<\/span>\n                        <\/div>\n        <\/div>\n    <\/div>\n\n                                    <a itemprop=\"url\" class=\"portfolio_link_class\" title=\"Coca d&rsquo;alberg\u00ednia amb formatge Sa\u00fcll i fruits secs\" href=\"https:\/\/www.gironaexcellent.cat\/fr\/item\/coca-dalberginia-amb-formatge-saull-i-fruits-secs\/\"><\/a>\n                \n                <div style=\"\" class=\"portfolio_shader\"><\/div>\n                <div class=\"image_holder\">\n                    \n<span class='image'><img loading=\"lazy\" decoding=\"async\" width=\"500\" height=\"500\" src=\"https:\/\/www.gironaexcellent.cat\/wp-content\/uploads\/2018\/12\/coca-alberginia-formatge-saull-fruits-secs.jpg\" class=\"attachment-full size-full wp-post-image\" alt=\"\" srcset=\"https:\/\/www.gironaexcellent.cat\/wp-content\/uploads\/2018\/12\/coca-alberginia-formatge-saull-fruits-secs.jpg 500w, https:\/\/www.gironaexcellent.cat\/wp-content\/uploads\/2018\/12\/coca-alberginia-formatge-saull-fruits-secs-150x150.jpg 150w, https:\/\/www.gironaexcellent.cat\/wp-content\/uploads\/2018\/12\/coca-alberginia-formatge-saull-fruits-secs-300x300.jpg 300w\" sizes=\"auto, (max-width: 500px) 100vw, 500px\" \/><\/span>                <\/div>\n            <\/div>\n\n                <div class='portfolio_description text_align_left' >\n\n        \n    <h6 itemprop=\"name\" class=\"portfolio_title entry_title\"><a itemprop=\"url\" href=\"https:\/\/www.gironaexcellent.cat\/fr\/item\/coca-dalberginia-amb-formatge-saull-i-fruits-secs\/\"  target=\"_self\"> Coca d&rsquo;alberg\u00ednia amb formatge Sa\u00fcll i fruits secs<\/a><\/h6>\n\n\n        \n        \n    <\/div>\n\n        \n<\/article>\n<article class='mix portfolio_category_292 portfolio_category_268 portfolio_category_290 portfolio_category_273 default' style=''>\n    \n    \n    \n    \n            <div class=\"item_holder thin_plus_only\">\n\n                    <div class=\"text_holder\">\n        <div class=\"text_holder_outer\">\n            <div class=\"text_holder_inner\">\n                            <span class=\"thin_plus_only_icon\">+<\/span>\n                        <\/div>\n        <\/div>\n    <\/div>\n\n                                    <a itemprop=\"url\" class=\"portfolio_link_class\" title=\"Escuma de crema catalana amb neules\" href=\"https:\/\/www.gironaexcellent.cat\/fr\/item\/escuma-de-crema-catalana-amb-neules\/\"><\/a>\n                \n                <div style=\"\" class=\"portfolio_shader\"><\/div>\n                <div class=\"image_holder\">\n                    \n<span class='image'><img loading=\"lazy\" decoding=\"async\" width=\"500\" height=\"500\" src=\"https:\/\/www.gironaexcellent.cat\/wp-content\/uploads\/2018\/12\/escuma-crema-catalana-neules.jpg\" class=\"attachment-full size-full wp-post-image\" alt=\"\" srcset=\"https:\/\/www.gironaexcellent.cat\/wp-content\/uploads\/2018\/12\/escuma-crema-catalana-neules.jpg 500w, https:\/\/www.gironaexcellent.cat\/wp-content\/uploads\/2018\/12\/escuma-crema-catalana-neules-150x150.jpg 150w, https:\/\/www.gironaexcellent.cat\/wp-content\/uploads\/2018\/12\/escuma-crema-catalana-neules-300x300.jpg 300w\" sizes=\"auto, (max-width: 500px) 100vw, 500px\" \/><\/span>                <\/div>\n            <\/div>\n\n                <div class='portfolio_description text_align_left' >\n\n        \n    <h6 itemprop=\"name\" class=\"portfolio_title entry_title\"><a itemprop=\"url\" href=\"https:\/\/www.gironaexcellent.cat\/fr\/item\/escuma-de-crema-catalana-amb-neules\/\"  target=\"_self\"> Escuma de crema catalana amb neules<\/a><\/h6>\n\n\n        \n        \n    <\/div>\n\n        \n<\/article>\n        <div class='filler'><\/div>\n            <div class='filler'><\/div>\n            <div class='filler'><\/div>\n            <div class='filler'><\/div>\n            <div class='filler'><\/div>\n        <\/div>\n\n    \n    <\/div>[vc_separator type=\u00a0\u00bbtransparent\u00a0\u00bb up=\u00a0\u00bb50&Prime;][\/vc_column][\/vc_row][vc_row row_type=\u00a0\u00bbparallax\u00a0\u00bb parallax_content_width=\u00a0\u00bbin_grid\u00a0\u00bb text_align=\u00a0\u00bbcenter\u00a0\u00bb full_screen_section_height=\u00a0\u00bbno\u00a0\u00bb background_image=\u00a0\u00bb16738&Prime;][vc_column width=\u00a0\u00bb1\/6&Prime;][\/vc_column][vc_column width=\u00a0\u00bb4\/6&Prime;][vc_separator type=\u00a0\u00bbtransparent\u00a0\u00bb up=\u00a0\u00bb150&Prime;][vc_column_text]<\/p>\n<h4 style=\"text-align: center;\"><strong><span style=\"color: #ffffff;\">L\u2019excellence du territoire.<\/span><\/strong><\/h4>\n<h4 style=\"text-align: center;\"><span style=\"color: #ffffff;\">Nous vivons sur un territoire dont le paysage te\u0301moigne de la varie\u0301te\u0301 et diversite\u0301 de la cuisine, presque autosuffisante, et d\u2019une richesse en ingre\u0301dients quasi illimite\u0301e. <\/span><\/h4>\n<p>[\/vc_column_text][vc_separator type=\u00a0\u00bbtransparent\u00a0\u00bb up=\u00a0\u00bb150&Prime;][\/vc_column][vc_column width=\u00a0\u00bb1\/6&Prime;][\/vc_column][\/vc_row]<\/p>\n<\/div>","protected":false},"excerpt":{"rendered":"<p>[vc_row css_animation=\u00a0\u00bb\u00a0\u00bb row_type=\u00a0\u00bbrow\u00a0\u00bb use_row_as_full_screen_section=\u00a0\u00bbyes\u00a0\u00bb type=\u00a0\u00bbfull_width\u00a0\u00bb angled_section=\u00a0\u00bbno\u00a0\u00bb text_align=\u00a0\u00bbleft\u00a0\u00bb background_image_as_pattern=\u00a0\u00bbwithout_pattern\u00a0\u00bb background_color=\u00a0\u00bb#000000&Prime;][vc_column width=\u00a0\u00bb1\/4&Prime;][\/vc_column][vc_column width=\u00a0\u00bb1\/2&Prime;][vc_separator type=\u00a0\u00bbtransparent\u00a0\u00bb up=\u00a0\u00bb75&Prime;][vc_column_text] Girona Excel\u00b7lent est le label de qualit\u00e9 agroalimentaire de la Diputaci\u00f3 de Girona qui reconna\u00eet les meilleurs produits de la r\u00e9gion de G\u00e9rone. Les produits retenus sont \u00e9labor\u00e9s \u00e0 cent pour cent&#8230;<\/p>\n","protected":false},"author":1,"featured_media":0,"parent":0,"menu_order":0,"comment_status":"closed","ping_status":"closed","template":"full_width.php","meta":{"inline_featured_image":false,"footnotes":""},"class_list":["post-17597","page","type-page","status-publish","hentry"],"_links":{"self":[{"href":"https:\/\/www.gironaexcellent.cat\/fr\/wp-json\/wp\/v2\/pages\/17597","targetHints":{"allow":["GET"]}}],"collection":[{"href":"https:\/\/www.gironaexcellent.cat\/fr\/wp-json\/wp\/v2\/pages"}],"about":[{"href":"https:\/\/www.gironaexcellent.cat\/fr\/wp-json\/wp\/v2\/types\/page"}],"author":[{"embeddable":true,"href":"https:\/\/www.gironaexcellent.cat\/fr\/wp-json\/wp\/v2\/users\/1"}],"replies":[{"embeddable":true,"href":"https:\/\/www.gironaexcellent.cat\/fr\/wp-json\/wp\/v2\/comments?post=17597"}],"version-history":[{"count":3,"href":"https:\/\/www.gironaexcellent.cat\/fr\/wp-json\/wp\/v2\/pages\/17597\/revisions"}],"predecessor-version":[{"id":26172,"href":"https:\/\/www.gironaexcellent.cat\/fr\/wp-json\/wp\/v2\/pages\/17597\/revisions\/26172"}],"wp:attachment":[{"href":"https:\/\/www.gironaexcellent.cat\/fr\/wp-json\/wp\/v2\/media?parent=17597"}],"curies":[{"name":"wp","href":"https:\/\/api.w.org\/{rel}","templated":true}]}}