{"id":17726,"date":"2017-08-02T14:44:46","date_gmt":"2017-08-02T14:44:46","guid":{"rendered":"http:\/\/www.gironaexcellent.cat\/collectius-girona-excellent\/"},"modified":"2018-05-31T13:02:40","modified_gmt":"2018-05-31T13:02:40","slug":"groupes-girona-excellent","status":"publish","type":"page","link":"https:\/\/www.gironaexcellent.cat\/fr\/groupes-girona-excellent\/","title":{"rendered":"Groupes Girona Excel\u00b7lent"},"content":{"rendered":"<div class=\"wpb-content-wrapper\"><p>[vc_row row_type=\u00a0\u00bbrow\u00a0\u00bb use_row_as_full_screen_section=\u00a0\u00bbno\u00a0\u00bb type=\u00a0\u00bbfull_width\u00a0\u00bb angled_section=\u00a0\u00bbno\u00a0\u00bb text_align=\u00a0\u00bbleft\u00a0\u00bb background_image_as_pattern=\u00a0\u00bbwithout_pattern\u00a0\u00bb css_animation=\u00a0\u00bb\u00a0\u00bb][vc_column][vc_empty_space height=\u00a0\u00bb110&Prime;][\/vc_column][\/vc_row][vc_row row_type=\u00a0\u00bbrow\u00a0\u00bb use_row_as_full_screen_section=\u00a0\u00bbno\u00a0\u00bb type=\u00a0\u00bbfull_width\u00a0\u00bb angled_section=\u00a0\u00bbno\u00a0\u00bb text_align=\u00a0\u00bbleft\u00a0\u00bb background_image_as_pattern=\u00a0\u00bbwithout_pattern\u00a0\u00bb css_animation=\u00a0\u00bb\u00a0\u00bb][vc_column width=\u00a0\u00bb1\/4&Prime;][\/vc_column][vc_column width=\u00a0\u00bb1\/2&Prime;][vc_column_text]<\/p>\n<h2 style=\"text-align: center;\">Girona Excel\u00b7lent<\/h2>\n<h2 style=\"text-align: center;\"><strong>Groupes 2016-2019.<\/strong><\/h2>\n<p>[\/vc_column_text][vc_empty_space height=\u00a0\u00bb35&Prime;][\/vc_column][vc_column width=\u00a0\u00bb1\/4&Prime;][\/vc_column][\/vc_row][vc_row row_type=\u00a0\u00bbrow\u00a0\u00bb use_row_as_full_screen_section=\u00a0\u00bbno\u00a0\u00bb type=\u00a0\u00bbgrid\u00a0\u00bb angled_section=\u00a0\u00bbno\u00a0\u00bb text_align=\u00a0\u00bbleft\u00a0\u00bb background_image_as_pattern=\u00a0\u00bbwithout_pattern\u00a0\u00bb css_animation=\u00a0\u00bb\u00a0\u00bb][vc_column width=\u00a0\u00bb1\/6&Prime;][\/vc_column][vc_column width=\u00a0\u00bb4\/6&Prime;][vc_column_text]<\/p>\n<h6 class=\"p1\" style=\"text-align: center;\">Un espace de travail d&rsquo;entit\u00e9s repr\u00e9sentatives, afin de multiplier synergies et compl\u00e9mentarit\u00e9s, dans le but :<\/h6>\n<p>[\/vc_column_text][\/vc_column][vc_column width=\u00a0\u00bb1\/6&Prime;][\/vc_column][\/vc_row][vc_row row_type=\u00a0\u00bbrow\u00a0\u00bb use_row_as_full_screen_section=\u00a0\u00bbno\u00a0\u00bb type=\u00a0\u00bbfull_width\u00a0\u00bb angled_section=\u00a0\u00bbno\u00a0\u00bb text_align=\u00a0\u00bbleft\u00a0\u00bb background_image_as_pattern=\u00a0\u00bbwithout_pattern\u00a0\u00bb css_animation=\u00a0\u00bb\u00a0\u00bb][vc_column][vc_empty_space height=\u00a0\u00bb30&Prime;][\/vc_column][\/vc_row][vc_row row_type=\u00a0\u00bbrow\u00a0\u00bb use_row_as_full_screen_section=\u00a0\u00bbno\u00a0\u00bb type=\u00a0\u00bbgrid\u00a0\u00bb angled_section=\u00a0\u00bbno\u00a0\u00bb text_align=\u00a0\u00bbleft\u00a0\u00bb background_image_as_pattern=\u00a0\u00bbwithout_pattern\u00a0\u00bb padding_top=\u00a0\u00bb0&Prime; padding_bottom=\u00a0\u00bb15&Prime; css_animation=\u00a0\u00bb\u00a0\u00bb css=\u00a0\u00bb.vc_custom_1501311203972{padding-top: 15px !important;padding-right: 15px !important;padding-bottom: 15px !important;padding-left: 15px !important;}\u00a0\u00bb][vc_column][vc_column_text el_class=\u00a0\u00bbtext_segell\u00a0\u00bb]<\/p>\n<p style=\"text-align: center;\"><strong># D&rsquo;\u00e9tablir un espace de relation stable<\/strong> entre la Diputaci\u00f3 de Girona et les organisations repr\u00e9sentant les diff\u00e9rents secteurs agroalimentaires du territoire g\u00e9ronais.<\/p>\n<p style=\"text-align: center;\"><strong># D&rsquo;encourager les activit\u00e9s et de promouvoir les secteurs participants<\/strong> \u00e0 travers le label de qualit\u00e9 Girona Excel\u00b7lent.<\/p>\n<p style=\"text-align: center;\"><strong># D&rsquo;\u00e9laborer une carte sp\u00e9cifique de l&rsquo;industrie agroalimentaire du territoire g\u00e9ronais<\/strong>, par le biais de la mise en commun des actions d\u00e9velopp\u00e9es dans ce domaine, \u00e0 l&rsquo;\u00e9chelle locale.<\/p>\n<p style=\"text-align: center;\"><strong># D&rsquo;assurer aux entreprises g\u00e9ronaises<\/strong> une plus grande ad\u00e9quation entre la prospection et leurs besoins.<\/p>\n<p>[\/vc_column_text][\/vc_column][\/vc_row][vc_row row_type=\u00a0\u00bbrow\u00a0\u00bb use_row_as_full_screen_section=\u00a0\u00bbno\u00a0\u00bb type=\u00a0\u00bbfull_width\u00a0\u00bb angled_section=\u00a0\u00bbno\u00a0\u00bb text_align=\u00a0\u00bbleft\u00a0\u00bb background_image_as_pattern=\u00a0\u00bbwithout_pattern\u00a0\u00bb css_animation=\u00a0\u00bb\u00a0\u00bb][vc_column][vc_empty_space height=\u00a0\u00bb75&Prime;][\/vc_column][\/vc_row][vc_row row_type=\u00a0\u00bbrow\u00a0\u00bb use_row_as_full_screen_section=\u00a0\u00bbno\u00a0\u00bb type=\u00a0\u00bbfull_width\u00a0\u00bb angled_section=\u00a0\u00bbno\u00a0\u00bb text_align=\u00a0\u00bbleft\u00a0\u00bb background_image_as_pattern=\u00a0\u00bbwithout_pattern\u00a0\u00bb background_color=\u00a0\u00bb#f7f7f7&Prime; css_animation=\u00a0\u00bb\u00a0\u00bb][vc_column][vc_empty_space height=\u00a0\u00bb75&Prime;][\/vc_column][\/vc_row][vc_row row_type=\u00a0\u00bbrow\u00a0\u00bb use_row_as_full_screen_section=\u00a0\u00bbno\u00a0\u00bb type=\u00a0\u00bbgrid\u00a0\u00bb angled_section=\u00a0\u00bbno\u00a0\u00bb text_align=\u00a0\u00bbleft\u00a0\u00bb background_image_as_pattern=\u00a0\u00bbwithout_pattern\u00a0\u00bb background_color=\u00a0\u00bb#f7f7f7&Prime; css_animation=\u00a0\u00bb\u00a0\u00bb][vc_column][vc_column_text]<\/p>\n<p style=\"text-align: center;\"><strong>AOC Empord\u00e0<\/strong> <a href=\"https:\/\/www.doemporda.cat\" target=\"_blank\" rel=\"noopener\"><cite><em>www.doemporda.cat<\/em><\/cite><\/a><\/p>\n<p style=\"text-align: center;\"><strong>AOP Fesols de Santa Pau (Haricots de Santa Pau) <\/strong><em><a href=\"https:\/\/fesolsdesantapau.cat\" target=\"_blank\" rel=\"noopener\"><cite>www.fesolsdesantapau.cat<\/cite><\/a><\/em><\/p>\n<p style=\"text-align: center;\"><strong>AOP Oli de l&rsquo;Empord\u00e0 (Huile de l\u2019Empord\u00e0) <\/strong><em><a href=\"https:\/\/www.oliemporda.cat\" target=\"_blank\" rel=\"noopener\"><cite>www.oliemporda.cat<\/cite><\/a><\/em><\/p>\n<p style=\"text-align: center;\"><strong>IGP Poma de Girona (Pomme de G\u00e9rone)<\/strong> <a href=\"https:\/\/ca.pomadegirona.cat\" target=\"_blank\" rel=\"noopener\"><cite><em>ca.pomadegirona.cat<\/em><\/cite><\/a><\/p>\n<p style=\"text-align: center;\"><strong>Gremi d\u2019Elaboradors de Cervesa Artesana (Corporation des fabricants de bi\u00e8re artisanale) <\/strong><em><a href=\"https:\/\/www.gecan.info\" target=\"_blank\" rel=\"noopener\"><cite>www.gecan.info<\/cite><\/a><\/em><\/p>\n<p style=\"text-align: center;\"><strong>Gremi de Flequers de les Comarques de Girona (Corporation des boulangers de la r\u00e9gion de G\u00e9rone) <\/strong><em><a href=\"https:\/\/www.flequersartesans.com\" target=\"_blank\" rel=\"noopener\">www.flequersartesans.com<\/a><\/em><\/p>\n<p style=\"text-align: center;\"><strong>Gremi de Carnissers i Xarcuters Artesans de les Comarques de Girona (Corporation des bouchers et charcutiers artisans de la r\u00e9gion de G\u00e9rone)<\/strong> <em><a href=\"https:\/\/www.gremicarn.com\" target=\"_blank\" rel=\"noopener\"><cite>www.gremicarn.com<\/cite><\/a><\/em><\/p>\n<p style=\"text-align: center;\"><strong>Associaci\u00f3 de Productes del Ripoll\u00e8s (Association des produits du Ripoll\u00e8s)<\/strong> <em><a href=\"https:\/\/productesdelripolles.com\" target=\"_blank\" rel=\"noopener\"><cite>www.productesdelripolles.com<\/cite><\/a><\/em><\/p>\n<p style=\"text-align: center;\"><strong>Confraria de Pescadors de Palam\u00f3s (Confr\u00e9rie des p\u00eacheurs de Palam\u00f3s) <\/strong><em><a href=\"https:\/\/confraria.cat\" target=\"_blank\" rel=\"noopener\"><cite>www.confraria.cat<\/cite><\/a><\/em><\/p>\n<p style=\"text-align: center;\"><strong>Confraria de Pescadors de Port de la Selva (Confr\u00e9rie des p\u00eacheurs de Port de la Selva) .<\/strong> <em><a href=\"https:\/\/www.cpportdelaselva.com\/\" target=\"_blank\" rel=\"noopener\"><cite>www.cpportdelaselva.com<\/cite><\/a><\/em><\/p>\n<p style=\"text-align: center;\"><strong>AECORK &#8211; Associaci\u00f3 d\u2019Empresaris Surers de Catalunya (Association des industriels du li\u00e8ge de Catalogne)<\/strong> <em><a href=\"https:\/\/www.aecork.com\" target=\"_blank\" rel=\"noopener\"><cite>www.aecork.com<\/cite><\/a><\/em><\/p>\n<p>[\/vc_column_text][\/vc_column][\/vc_row][vc_row row_type=\u00a0\u00bbrow\u00a0\u00bb use_row_as_full_screen_section=\u00a0\u00bbno\u00a0\u00bb type=\u00a0\u00bbfull_width\u00a0\u00bb angled_section=\u00a0\u00bbno\u00a0\u00bb text_align=\u00a0\u00bbleft\u00a0\u00bb background_image_as_pattern=\u00a0\u00bbwithout_pattern\u00a0\u00bb background_color=\u00a0\u00bb#f7f7f7&Prime; css_animation=\u00a0\u00bb\u00a0\u00bb][vc_column][vc_empty_space height=\u00a0\u00bb75&Prime;][\/vc_column][\/vc_row]<\/p>\n<\/div>","protected":false},"excerpt":{"rendered":"<p>[vc_row row_type=\u00a0\u00bbrow\u00a0\u00bb use_row_as_full_screen_section=\u00a0\u00bbno\u00a0\u00bb type=\u00a0\u00bbfull_width\u00a0\u00bb angled_section=\u00a0\u00bbno\u00a0\u00bb text_align=\u00a0\u00bbleft\u00a0\u00bb background_image_as_pattern=\u00a0\u00bbwithout_pattern\u00a0\u00bb css_animation=\u00a0\u00bb\u00a0\u00bb][vc_column][vc_empty_space height=\u00a0\u00bb110&Prime;][\/vc_column][\/vc_row][vc_row row_type=\u00a0\u00bbrow\u00a0\u00bb use_row_as_full_screen_section=\u00a0\u00bbno\u00a0\u00bb type=\u00a0\u00bbfull_width\u00a0\u00bb angled_section=\u00a0\u00bbno\u00a0\u00bb text_align=\u00a0\u00bbleft\u00a0\u00bb background_image_as_pattern=\u00a0\u00bbwithout_pattern\u00a0\u00bb css_animation=\u00a0\u00bb\u00a0\u00bb][vc_column width=\u00a0\u00bb1\/4&Prime;][\/vc_column][vc_column width=\u00a0\u00bb1\/2&Prime;][vc_column_text] Girona Excel\u00b7lent Groupes 2016-2019. [\/vc_column_text][vc_empty_space height=\u00a0\u00bb35&Prime;][\/vc_column][vc_column width=\u00a0\u00bb1\/4&Prime;][\/vc_column][\/vc_row][vc_row row_type=\u00a0\u00bbrow\u00a0\u00bb use_row_as_full_screen_section=\u00a0\u00bbno\u00a0\u00bb type=\u00a0\u00bbgrid\u00a0\u00bb angled_section=\u00a0\u00bbno\u00a0\u00bb text_align=\u00a0\u00bbleft\u00a0\u00bb background_image_as_pattern=\u00a0\u00bbwithout_pattern\u00a0\u00bb css_animation=\u00a0\u00bb\u00a0\u00bb][vc_column width=\u00a0\u00bb1\/6&Prime;][\/vc_column][vc_column width=\u00a0\u00bb4\/6&Prime;][vc_column_text] Un espace de travail d&rsquo;entit\u00e9s repr\u00e9sentatives, afin de multiplier synergies et&#8230;<\/p>\n","protected":false},"author":1,"featured_media":0,"parent":0,"menu_order":0,"comment_status":"closed","ping_status":"closed","template":"full_width.php","meta":{"inline_featured_image":false,"footnotes":""},"class_list":["post-17726","page","type-page","status-publish","hentry"],"_links":{"self":[{"href":"https:\/\/www.gironaexcellent.cat\/fr\/wp-json\/wp\/v2\/pages\/17726","targetHints":{"allow":["GET"]}}],"collection":[{"href":"https:\/\/www.gironaexcellent.cat\/fr\/wp-json\/wp\/v2\/pages"}],"about":[{"href":"https:\/\/www.gironaexcellent.cat\/fr\/wp-json\/wp\/v2\/types\/page"}],"author":[{"embeddable":true,"href":"https:\/\/www.gironaexcellent.cat\/fr\/wp-json\/wp\/v2\/users\/1"}],"replies":[{"embeddable":true,"href":"https:\/\/www.gironaexcellent.cat\/fr\/wp-json\/wp\/v2\/comments?post=17726"}],"version-history":[{"count":0,"href":"https:\/\/www.gironaexcellent.cat\/fr\/wp-json\/wp\/v2\/pages\/17726\/revisions"}],"wp:attachment":[{"href":"https:\/\/www.gironaexcellent.cat\/fr\/wp-json\/wp\/v2\/media?parent=17726"}],"curies":[{"name":"wp","href":"https:\/\/api.w.org\/{rel}","templated":true}]}}