{"id":17730,"date":"2017-07-29T08:53:18","date_gmt":"2017-07-29T08:53:18","guid":{"rendered":"http:\/\/www.gironaexcellent.cat\/productos\/"},"modified":"2018-12-03T11:51:51","modified_gmt":"2018-12-03T11:51:51","slug":"produits","status":"publish","type":"page","link":"https:\/\/www.gironaexcellent.cat\/fr\/produits\/","title":{"rendered":"Produits 2016\/17"},"content":{"rendered":"<div class=\"wpb-content-wrapper\"><p>[vc_row row_type=\u00a0\u00bbrow\u00a0\u00bb use_row_as_full_screen_section=\u00a0\u00bbno\u00a0\u00bb type=\u00a0\u00bbgrid\u00a0\u00bb angled_section=\u00a0\u00bbno\u00a0\u00bb text_align=\u00a0\u00bbleft\u00a0\u00bb background_image_as_pattern=\u00a0\u00bbwithout_pattern\u00a0\u00bb css_animation=\u00a0\u00bb\u00a0\u00bb][vc_column width=\u00a0\u00bb5\/6&Prime;][vc_empty_space height=\u00a0\u00bb100&Prime;][vc_column_text]<\/p>\n<h4><strong>Produits 2016-2017.<\/strong><\/h4>\n<p>[\/vc_column_text][vc_column_text]<\/p>\n<h4>Les huit secteurs labellis\u00e9s Girona Excel\u00b7lent.<\/h4>\n<p>[\/vc_column_text][vc_separator type=\u00a0\u00bbsmall\u00a0\u00bb position=\u00a0\u00bbleft\u00a0\u00bb color=\u00a0\u00bb#000000&Prime; thickness=\u00a0\u00bb2&Prime; up=\u00a0\u00bb10&Prime; down=\u00a0\u00bb10&Prime;][vc_empty_space height=\u00a0\u00bb20&Prime;][vc_column_text]36 produits issus de 25 entreprises diff\u00e9rentes ont \u00e9t\u00e9 choisis au mois de juillet, lors de d\u00e9gustations \u00e0 l\u2019aveugle un par famille de produits s\u00e9lectionn\u00e9s : anchois riz foie gras huile vins boissons locales produits laitiers fruits en conserve et au sirop.[\/vc_column_text][vc_empty_space height=\u00a0\u00bb60&Prime;][\/vc_column][vc_column width=\u00a0\u00bb1\/6&Prime;][\/vc_column][\/vc_row][vc_row row_type=\u00a0\u00bbrow\u00a0\u00bb use_row_as_full_screen_section=\u00a0\u00bbno\u00a0\u00bb type=\u00a0\u00bbgrid\u00a0\u00bb angled_section=\u00a0\u00bbno\u00a0\u00bb text_align=\u00a0\u00bbleft\u00a0\u00bb background_image_as_pattern=\u00a0\u00bbwithout_pattern\u00a0\u00bb css_animation=\u00a0\u00bb\u00a0\u00bb][vc_column]<div class='projects_holder_outer v4 portfolio_with_space portfolio_standard'>\n        <div class='projects_holder portfolio_main_holder clearfix v4 standard portfolio_full_image '>\n        \n        <article class='mix portfolio_category_247 default' style=''>\n    \n    \n    \n    \n            <div class=\"item_holder thin_plus_only\">\n\n                    <div class=\"text_holder\">\n        <div class=\"text_holder_outer\">\n            <div class=\"text_holder_inner\">\n                            <span class=\"thin_plus_only_icon\">+<\/span>\n                        <\/div>\n        <\/div>\n    <\/div>\n\n                                    <a itemprop=\"url\" class=\"portfolio_link_class\" title=\"Anchois\" href=\"https:\/\/www.gironaexcellent.cat\/fr\/item\/anchois\/\"><\/a>\n                \n                <div style=\"\" class=\"portfolio_shader\"><\/div>\n                <div class=\"image_holder\">\n                    \n<span class='image'><img loading=\"lazy\" decoding=\"async\" width=\"500\" height=\"500\" src=\"https:\/\/www.gironaexcellent.cat\/wp-content\/uploads\/2016\/12\/banner_anxova.jpg\" class=\"attachment-full size-full wp-post-image\" alt=\"\" srcset=\"https:\/\/www.gironaexcellent.cat\/wp-content\/uploads\/2016\/12\/banner_anxova.jpg 500w, https:\/\/www.gironaexcellent.cat\/wp-content\/uploads\/2016\/12\/banner_anxova-150x150.jpg 150w, https:\/\/www.gironaexcellent.cat\/wp-content\/uploads\/2016\/12\/banner_anxova-300x300.jpg 300w\" sizes=\"auto, (max-width: 500px) 100vw, 500px\" \/><\/span>                <\/div>\n            <\/div>\n\n                <div class='portfolio_description ' >\n\n        \n    <h2 itemprop=\"name\" class=\"portfolio_title entry_title\"><a itemprop=\"url\" href=\"https:\/\/www.gironaexcellent.cat\/fr\/item\/anchois\/\" style=\"font-size: 23px\" target=\"_self\"> Anchois<\/a><\/h2>\n\n\n        \n        \n    <\/div>\n\n        \n<\/article>\n<article class='mix portfolio_category_247 default' style=''>\n    \n    \n    \n    \n            <div class=\"item_holder thin_plus_only\">\n\n                    <div class=\"text_holder\">\n        <div class=\"text_holder_outer\">\n            <div class=\"text_holder_inner\">\n                            <span class=\"thin_plus_only_icon\">+<\/span>\n                        <\/div>\n        <\/div>\n    <\/div>\n\n                                    <a itemprop=\"url\" class=\"portfolio_link_class\" title=\"Conserves et sirops\" href=\"https:\/\/www.gironaexcellent.cat\/fr\/item\/conserves-et-sirops\/\"><\/a>\n                \n                <div style=\"\" class=\"portfolio_shader\"><\/div>\n                <div class=\"image_holder\">\n                    \n<span class='image'><img loading=\"lazy\" decoding=\"async\" width=\"500\" height=\"500\" src=\"https:\/\/www.gironaexcellent.cat\/wp-content\/uploads\/2016\/12\/banner_confitures.jpg\" class=\"attachment-full size-full wp-post-image\" alt=\"\" srcset=\"https:\/\/www.gironaexcellent.cat\/wp-content\/uploads\/2016\/12\/banner_confitures.jpg 500w, https:\/\/www.gironaexcellent.cat\/wp-content\/uploads\/2016\/12\/banner_confitures-150x150.jpg 150w, https:\/\/www.gironaexcellent.cat\/wp-content\/uploads\/2016\/12\/banner_confitures-300x300.jpg 300w\" sizes=\"auto, (max-width: 500px) 100vw, 500px\" \/><\/span>                <\/div>\n            <\/div>\n\n                <div class='portfolio_description ' >\n\n        \n    <h2 itemprop=\"name\" class=\"portfolio_title entry_title\"><a itemprop=\"url\" href=\"https:\/\/www.gironaexcellent.cat\/fr\/item\/conserves-et-sirops\/\" style=\"font-size: 23px\" target=\"_self\"> Conserves et sirops<\/a><\/h2>\n\n\n        \n        \n    <\/div>\n\n        \n<\/article>\n<article class='mix portfolio_category_247 default' style=''>\n    \n    \n    \n    \n            <div class=\"item_holder thin_plus_only\">\n\n                    <div class=\"text_holder\">\n        <div class=\"text_holder_outer\">\n            <div class=\"text_holder_inner\">\n                            <span class=\"thin_plus_only_icon\">+<\/span>\n                        <\/div>\n        <\/div>\n    <\/div>\n\n                                    <a itemprop=\"url\" class=\"portfolio_link_class\" title=\"Foie gras\" href=\"https:\/\/www.gironaexcellent.cat\/fr\/item\/foie-gras\/\"><\/a>\n                \n                <div style=\"\" class=\"portfolio_shader\"><\/div>\n                <div class=\"image_holder\">\n                    \n<span class='image'><img loading=\"lazy\" decoding=\"async\" width=\"500\" height=\"500\" src=\"https:\/\/www.gironaexcellent.cat\/wp-content\/uploads\/2016\/12\/banners-web_foie.jpg\" class=\"attachment-full size-full wp-post-image\" alt=\"\" srcset=\"https:\/\/www.gironaexcellent.cat\/wp-content\/uploads\/2016\/12\/banners-web_foie.jpg 500w, https:\/\/www.gironaexcellent.cat\/wp-content\/uploads\/2016\/12\/banners-web_foie-150x150.jpg 150w, https:\/\/www.gironaexcellent.cat\/wp-content\/uploads\/2016\/12\/banners-web_foie-300x300.jpg 300w\" sizes=\"auto, (max-width: 500px) 100vw, 500px\" \/><\/span>                <\/div>\n            <\/div>\n\n                <div class='portfolio_description ' >\n\n        \n    <h2 itemprop=\"name\" class=\"portfolio_title entry_title\"><a itemprop=\"url\" href=\"https:\/\/www.gironaexcellent.cat\/fr\/item\/foie-gras\/\" style=\"font-size: 23px\" target=\"_self\"> Foie gras<\/a><\/h2>\n\n\n        \n        \n    <\/div>\n\n        \n<\/article>\n<article class='mix portfolio_category_247 default' style=''>\n    \n    \n    \n    \n            <div class=\"item_holder thin_plus_only\">\n\n                    <div class=\"text_holder\">\n        <div class=\"text_holder_outer\">\n            <div class=\"text_holder_inner\">\n                            <span class=\"thin_plus_only_icon\">+<\/span>\n                        <\/div>\n        <\/div>\n    <\/div>\n\n                                    <a itemprop=\"url\" class=\"portfolio_link_class\" title=\"Huile\" href=\"https:\/\/www.gironaexcellent.cat\/fr\/item\/huile\/\"><\/a>\n                \n                <div style=\"\" class=\"portfolio_shader\"><\/div>\n                <div class=\"image_holder\">\n                    \n<span class='image'><img loading=\"lazy\" decoding=\"async\" width=\"500\" height=\"500\" src=\"https:\/\/www.gironaexcellent.cat\/wp-content\/uploads\/2016\/11\/productes-oli02.jpg\" class=\"attachment-full size-full wp-post-image\" alt=\"\" srcset=\"https:\/\/www.gironaexcellent.cat\/wp-content\/uploads\/2016\/11\/productes-oli02.jpg 500w, https:\/\/www.gironaexcellent.cat\/wp-content\/uploads\/2016\/11\/productes-oli02-150x150.jpg 150w, https:\/\/www.gironaexcellent.cat\/wp-content\/uploads\/2016\/11\/productes-oli02-300x300.jpg 300w\" sizes=\"auto, (max-width: 500px) 100vw, 500px\" \/><\/span>                <\/div>\n            <\/div>\n\n                <div class='portfolio_description ' >\n\n        \n    <h2 itemprop=\"name\" class=\"portfolio_title entry_title\"><a itemprop=\"url\" href=\"https:\/\/www.gironaexcellent.cat\/fr\/item\/huile\/\" style=\"font-size: 23px\" target=\"_self\"> Huile<\/a><\/h2>\n\n\n        \n        \n    <\/div>\n\n        \n<\/article>\n<article class='mix portfolio_category_247 default' style=''>\n    \n    \n    \n    \n            <div class=\"item_holder thin_plus_only\">\n\n                    <div class=\"text_holder\">\n        <div class=\"text_holder_outer\">\n            <div class=\"text_holder_inner\">\n                            <span class=\"thin_plus_only_icon\">+<\/span>\n                        <\/div>\n        <\/div>\n    <\/div>\n\n                                    <a itemprop=\"url\" class=\"portfolio_link_class\" title=\"Les boissons locales\" href=\"https:\/\/www.gironaexcellent.cat\/fr\/item\/boissons-locales\/\"><\/a>\n                \n                <div style=\"\" class=\"portfolio_shader\"><\/div>\n                <div class=\"image_holder\">\n                    \n<span class='image'><img loading=\"lazy\" decoding=\"async\" width=\"500\" height=\"500\" src=\"https:\/\/www.gironaexcellent.cat\/wp-content\/uploads\/2016\/10\/productes-pomes02.jpg\" class=\"attachment-full size-full wp-post-image\" alt=\"\" srcset=\"https:\/\/www.gironaexcellent.cat\/wp-content\/uploads\/2016\/10\/productes-pomes02.jpg 500w, https:\/\/www.gironaexcellent.cat\/wp-content\/uploads\/2016\/10\/productes-pomes02-150x150.jpg 150w, https:\/\/www.gironaexcellent.cat\/wp-content\/uploads\/2016\/10\/productes-pomes02-300x300.jpg 300w\" sizes=\"auto, (max-width: 500px) 100vw, 500px\" \/><\/span>                <\/div>\n            <\/div>\n\n                <div class='portfolio_description ' >\n\n        \n    <h2 itemprop=\"name\" class=\"portfolio_title entry_title\"><a itemprop=\"url\" href=\"https:\/\/www.gironaexcellent.cat\/fr\/item\/boissons-locales\/\" style=\"font-size: 23px\" target=\"_self\"> Les boissons locales<\/a><\/h2>\n\n\n        \n        \n    <\/div>\n\n        \n<\/article>\n<article class='mix portfolio_category_247 default' style=''>\n    \n    \n    \n    \n            <div class=\"item_holder thin_plus_only\">\n\n                    <div class=\"text_holder\">\n        <div class=\"text_holder_outer\">\n            <div class=\"text_holder_inner\">\n                            <span class=\"thin_plus_only_icon\">+<\/span>\n                        <\/div>\n        <\/div>\n    <\/div>\n\n                                    <a itemprop=\"url\" class=\"portfolio_link_class\" title=\"Produits laitiers\" href=\"https:\/\/www.gironaexcellent.cat\/fr\/item\/produits-laitiers\/\"><\/a>\n                \n                <div style=\"\" class=\"portfolio_shader\"><\/div>\n                <div class=\"image_holder\">\n                    \n<span class='image'><img loading=\"lazy\" decoding=\"async\" width=\"500\" height=\"500\" src=\"https:\/\/www.gironaexcellent.cat\/wp-content\/uploads\/2016\/11\/productes-lactics02.jpg\" class=\"attachment-full size-full wp-post-image\" alt=\"\" srcset=\"https:\/\/www.gironaexcellent.cat\/wp-content\/uploads\/2016\/11\/productes-lactics02.jpg 500w, https:\/\/www.gironaexcellent.cat\/wp-content\/uploads\/2016\/11\/productes-lactics02-150x150.jpg 150w, https:\/\/www.gironaexcellent.cat\/wp-content\/uploads\/2016\/11\/productes-lactics02-300x300.jpg 300w\" sizes=\"auto, (max-width: 500px) 100vw, 500px\" \/><\/span>                <\/div>\n            <\/div>\n\n                <div class='portfolio_description ' >\n\n        \n    <h2 itemprop=\"name\" class=\"portfolio_title entry_title\"><a itemprop=\"url\" href=\"https:\/\/www.gironaexcellent.cat\/fr\/item\/produits-laitiers\/\" style=\"font-size: 23px\" target=\"_self\"> Produits laitiers<\/a><\/h2>\n\n\n        \n        \n    <\/div>\n\n        \n<\/article>\n<article class='mix portfolio_category_247 default' style=''>\n    \n    \n    \n    \n            <div class=\"item_holder thin_plus_only\">\n\n                    <div class=\"text_holder\">\n        <div class=\"text_holder_outer\">\n            <div class=\"text_holder_inner\">\n                            <span class=\"thin_plus_only_icon\">+<\/span>\n                        <\/div>\n        <\/div>\n    <\/div>\n\n                                    <a itemprop=\"url\" class=\"portfolio_link_class\" title=\"Riz\" href=\"https:\/\/www.gironaexcellent.cat\/fr\/item\/riz\/\"><\/a>\n                \n                <div style=\"\" class=\"portfolio_shader\"><\/div>\n                <div class=\"image_holder\">\n                    \n<span class='image'><img loading=\"lazy\" decoding=\"async\" width=\"500\" height=\"500\" src=\"https:\/\/www.gironaexcellent.cat\/wp-content\/uploads\/2016\/11\/productes-arros02.jpg\" class=\"attachment-full size-full wp-post-image\" alt=\"\" srcset=\"https:\/\/www.gironaexcellent.cat\/wp-content\/uploads\/2016\/11\/productes-arros02.jpg 500w, https:\/\/www.gironaexcellent.cat\/wp-content\/uploads\/2016\/11\/productes-arros02-150x150.jpg 150w, https:\/\/www.gironaexcellent.cat\/wp-content\/uploads\/2016\/11\/productes-arros02-300x300.jpg 300w\" sizes=\"auto, (max-width: 500px) 100vw, 500px\" \/><\/span>                <\/div>\n            <\/div>\n\n                <div class='portfolio_description ' >\n\n        \n    <h2 itemprop=\"name\" class=\"portfolio_title entry_title\"><a itemprop=\"url\" href=\"https:\/\/www.gironaexcellent.cat\/fr\/item\/riz\/\" style=\"font-size: 23px\" target=\"_self\"> Riz<\/a><\/h2>\n\n\n        \n        \n    <\/div>\n\n        \n<\/article>\n<article class='mix portfolio_category_247 default' style=''>\n    \n    \n    \n    \n            <div class=\"item_holder thin_plus_only\">\n\n                    <div class=\"text_holder\">\n        <div class=\"text_holder_outer\">\n            <div class=\"text_holder_inner\">\n                            <span class=\"thin_plus_only_icon\">+<\/span>\n                        <\/div>\n        <\/div>\n    <\/div>\n\n                                    <a itemprop=\"url\" class=\"portfolio_link_class\" title=\"Vins et vins doux\" href=\"https:\/\/www.gironaexcellent.cat\/fr\/item\/vins\/\"><\/a>\n                \n                <div style=\"\" class=\"portfolio_shader\"><\/div>\n                <div class=\"image_holder\">\n                    \n<span class='image'><img loading=\"lazy\" decoding=\"async\" width=\"500\" height=\"500\" src=\"https:\/\/www.gironaexcellent.cat\/wp-content\/uploads\/2016\/12\/banners-web_vi.jpg\" class=\"attachment-full size-full wp-post-image\" alt=\"\" srcset=\"https:\/\/www.gironaexcellent.cat\/wp-content\/uploads\/2016\/12\/banners-web_vi.jpg 500w, https:\/\/www.gironaexcellent.cat\/wp-content\/uploads\/2016\/12\/banners-web_vi-150x150.jpg 150w, https:\/\/www.gironaexcellent.cat\/wp-content\/uploads\/2016\/12\/banners-web_vi-300x300.jpg 300w\" sizes=\"auto, (max-width: 500px) 100vw, 500px\" \/><\/span>                <\/div>\n            <\/div>\n\n                <div class='portfolio_description ' >\n\n        \n    <h2 itemprop=\"name\" class=\"portfolio_title entry_title\"><a itemprop=\"url\" href=\"https:\/\/www.gironaexcellent.cat\/fr\/item\/vins\/\" style=\"font-size: 23px\" target=\"_self\"> Vins et vins doux<\/a><\/h2>\n\n\n        \n        \n    <\/div>\n\n        \n<\/article>\n        <div class='filler'><\/div>\n            <div class='filler'><\/div>\n            <div class='filler'><\/div>\n            <div class='filler'><\/div>\n        <\/div>\n\n    \n    <\/div>[\/vc_column][\/vc_row][vc_row row_type=\u00a0\u00bbrow\u00a0\u00bb use_row_as_full_screen_section=\u00a0\u00bbno\u00a0\u00bb type=\u00a0\u00bbgrid\u00a0\u00bb angled_section=\u00a0\u00bbno\u00a0\u00bb text_align=\u00a0\u00bbleft\u00a0\u00bb background_image_as_pattern=\u00a0\u00bbwithout_pattern\u00a0\u00bb css_animation=\u00a0\u00bb\u00a0\u00bb][vc_column][vc_empty_space height=\u00a0\u00bb50&Prime;][vc_separator type=\u00a0\u00bbnormal\u00a0\u00bb color=\u00a0\u00bb#0a0a0a\u00a0\u00bb thickness=\u00a0\u00bb1&Prime;][vc_empty_space height=\u00a0\u00bb75&Prime;][\/vc_column][\/vc_row][vc_row row_type=\u00a0\u00bbrow\u00a0\u00bb use_row_as_full_screen_section=\u00a0\u00bbno\u00a0\u00bb type=\u00a0\u00bbgrid\u00a0\u00bb angled_section=\u00a0\u00bbno\u00a0\u00bb text_align=\u00a0\u00bbleft\u00a0\u00bb background_image_as_pattern=\u00a0\u00bbwithout_pattern\u00a0\u00bb css_animation=\u00a0\u00bb\u00a0\u00bb][vc_column width=\u00a0\u00bb2\/3&Prime;][vc_column_text]<\/p>\n<h4><strong>Produits permanents.<\/strong><\/h4>\n<p>[\/vc_column_text][vc_column_text]<\/p>\n<h4>Les labels permanents Girona Excel\u00b7lent.<\/h4>\n<p>[\/vc_column_text][vc_separator type=\u00a0\u00bbsmall\u00a0\u00bb position=\u00a0\u00bbleft\u00a0\u00bb color=\u00a0\u00bb#000000&Prime; thickness=\u00a0\u00bb2&Prime; up=\u00a0\u00bb10&Prime; down=\u00a0\u00bb10&Prime;][vc_empty_space height=\u00a0\u00bb20&Prime;][vc_column_text]Les produits permanents correspondent aux articles s\u00e9lectionn\u00e9s depuis la premi\u00e8re \u00e9dition.[\/vc_column_text][vc_empty_space height=\u00a0\u00bb60&Prime;][\/vc_column][vc_column width=\u00a0\u00bb1\/3&Prime;][\/vc_column][\/vc_row][vc_row row_type=\u00a0\u00bbrow\u00a0\u00bb use_row_as_full_screen_section=\u00a0\u00bbno\u00a0\u00bb type=\u00a0\u00bbgrid\u00a0\u00bb angled_section=\u00a0\u00bbno\u00a0\u00bb text_align=\u00a0\u00bbleft\u00a0\u00bb background_image_as_pattern=\u00a0\u00bbwithout_pattern\u00a0\u00bb css_animation=\u00a0\u00bb\u00a0\u00bb][vc_column]<div class='projects_holder_outer v3 portfolio_with_space portfolio_standard'>\n        <div class='projects_holder portfolio_main_holder clearfix v3 standard portfolio_full_image '>\n        \n        <article class='mix portfolio_category_252 portfolio_category_253 default' style=''>\n    \n    \n    \n    \n            <div class=\"item_holder thin_plus_only\">\n\n                    <div class=\"text_holder\">\n        <div class=\"text_holder_outer\">\n            <div class=\"text_holder_inner\">\n                            <span class=\"thin_plus_only_icon\">+<\/span>\n                        <\/div>\n        <\/div>\n    <\/div>\n\n                                    <a itemprop=\"url\" class=\"portfolio_link_class\" title=\"Biscuits\" href=\"https:\/\/www.gironaexcellent.cat\/fr\/item\/biscuits\/\"><\/a>\n                \n                <div style=\"\" class=\"portfolio_shader\"><\/div>\n                <div class=\"image_holder\">\n                    \n<span class='image'><img loading=\"lazy\" decoding=\"async\" width=\"500\" height=\"500\" src=\"https:\/\/www.gironaexcellent.cat\/wp-content\/uploads\/2016\/12\/banners-web_galetes.jpg\" class=\"attachment-full size-full wp-post-image\" alt=\"\" srcset=\"https:\/\/www.gironaexcellent.cat\/wp-content\/uploads\/2016\/12\/banners-web_galetes.jpg 500w, https:\/\/www.gironaexcellent.cat\/wp-content\/uploads\/2016\/12\/banners-web_galetes-150x150.jpg 150w, https:\/\/www.gironaexcellent.cat\/wp-content\/uploads\/2016\/12\/banners-web_galetes-300x300.jpg 300w\" sizes=\"auto, (max-width: 500px) 100vw, 500px\" \/><\/span>                <\/div>\n            <\/div>\n\n                <div class='portfolio_description ' >\n\n        \n    <h2 itemprop=\"name\" class=\"portfolio_title entry_title\"><a itemprop=\"url\" href=\"https:\/\/www.gironaexcellent.cat\/fr\/item\/biscuits\/\" style=\"font-size: 23px\" target=\"_self\"> Biscuits<\/a><\/h2>\n\n\n        \n        \n    <\/div>\n\n        \n<\/article>\n<article class='mix portfolio_category_252 portfolio_category_253 default' style=''>\n    \n    \n    \n    \n            <div class=\"item_holder thin_plus_only\">\n\n                    <div class=\"text_holder\">\n        <div class=\"text_holder_outer\">\n            <div class=\"text_holder_inner\">\n                            <span class=\"thin_plus_only_icon\">+<\/span>\n                        <\/div>\n        <\/div>\n    <\/div>\n\n                                    <a itemprop=\"url\" class=\"portfolio_link_class\" title=\"Haricots (AOP Fesols de Santa Pau)\" href=\"https:\/\/www.gironaexcellent.cat\/fr\/item\/fesols-de-santa-pau\/\"><\/a>\n                \n                <div style=\"\" class=\"portfolio_shader\"><\/div>\n                <div class=\"image_holder\">\n                    \n<span class='image'><img loading=\"lazy\" decoding=\"async\" width=\"500\" height=\"500\" src=\"https:\/\/www.gironaexcellent.cat\/wp-content\/uploads\/2016\/12\/banners-web_fesol.jpg\" class=\"attachment-full size-full wp-post-image\" alt=\"\" srcset=\"https:\/\/www.gironaexcellent.cat\/wp-content\/uploads\/2016\/12\/banners-web_fesol.jpg 500w, https:\/\/www.gironaexcellent.cat\/wp-content\/uploads\/2016\/12\/banners-web_fesol-150x150.jpg 150w, https:\/\/www.gironaexcellent.cat\/wp-content\/uploads\/2016\/12\/banners-web_fesol-300x300.jpg 300w\" sizes=\"auto, (max-width: 500px) 100vw, 500px\" \/><\/span>                <\/div>\n            <\/div>\n\n                <div class='portfolio_description ' >\n\n        \n    <h2 itemprop=\"name\" class=\"portfolio_title entry_title\"><a itemprop=\"url\" href=\"https:\/\/www.gironaexcellent.cat\/fr\/item\/fesols-de-santa-pau\/\" style=\"font-size: 23px\" target=\"_self\"> Haricots (AOP Fesols de Santa Pau)<\/a><\/h2>\n\n\n        \n        \n    <\/div>\n\n        \n<\/article>\n<article class='mix portfolio_category_252 portfolio_category_253 default' style=''>\n    \n    \n    \n    \n            <div class=\"item_holder thin_plus_only\">\n\n                    <div class=\"text_holder\">\n        <div class=\"text_holder_outer\">\n            <div class=\"text_holder_inner\">\n                            <span class=\"thin_plus_only_icon\">+<\/span>\n                        <\/div>\n        <\/div>\n    <\/div>\n\n                                    <a itemprop=\"url\" class=\"portfolio_link_class\" title=\"Pommes (IGP Poma de Girona)\" href=\"https:\/\/www.gironaexcellent.cat\/fr\/item\/pommes-igp-poma-de-girona\/\"><\/a>\n                \n                <div style=\"\" class=\"portfolio_shader\"><\/div>\n                <div class=\"image_holder\">\n                    \n<span class='image'><img loading=\"lazy\" decoding=\"async\" width=\"500\" height=\"500\" src=\"https:\/\/www.gironaexcellent.cat\/wp-content\/uploads\/2016\/12\/banners-web_poma.jpg\" class=\"attachment-full size-full wp-post-image\" alt=\"\" srcset=\"https:\/\/www.gironaexcellent.cat\/wp-content\/uploads\/2016\/12\/banners-web_poma.jpg 500w, https:\/\/www.gironaexcellent.cat\/wp-content\/uploads\/2016\/12\/banners-web_poma-150x150.jpg 150w, https:\/\/www.gironaexcellent.cat\/wp-content\/uploads\/2016\/12\/banners-web_poma-300x300.jpg 300w\" sizes=\"auto, (max-width: 500px) 100vw, 500px\" \/><\/span>                <\/div>\n            <\/div>\n\n                <div class='portfolio_description ' >\n\n        \n    <h2 itemprop=\"name\" class=\"portfolio_title entry_title\"><a itemprop=\"url\" href=\"https:\/\/www.gironaexcellent.cat\/fr\/item\/pommes-igp-poma-de-girona\/\" style=\"font-size: 23px\" target=\"_self\"> Pommes (IGP Poma de Girona)<\/a><\/h2>\n\n\n        \n        \n    <\/div>\n\n        \n<\/article>\n        <div class='filler'><\/div>\n            <div class='filler'><\/div>\n            <div class='filler'><\/div>\n        <\/div>\n\n    \n    <\/div>[\/vc_column][\/vc_row][vc_row row_type=\u00a0\u00bbrow\u00a0\u00bb use_row_as_full_screen_section=\u00a0\u00bbno\u00a0\u00bb type=\u00a0\u00bbfull_width\u00a0\u00bb angled_section=\u00a0\u00bbno\u00a0\u00bb text_align=\u00a0\u00bbleft\u00a0\u00bb background_image_as_pattern=\u00a0\u00bbwithout_pattern\u00a0\u00bb css_animation=\u00a0\u00bb\u00a0\u00bb][vc_column][vc_empty_space height=\u00a0\u00bb100px\u00a0\u00bb][\/vc_column][\/vc_row]<\/p>\n<\/div>","protected":false},"excerpt":{"rendered":"<p>[vc_row row_type=\u00a0\u00bbrow\u00a0\u00bb use_row_as_full_screen_section=\u00a0\u00bbno\u00a0\u00bb type=\u00a0\u00bbgrid\u00a0\u00bb angled_section=\u00a0\u00bbno\u00a0\u00bb text_align=\u00a0\u00bbleft\u00a0\u00bb background_image_as_pattern=\u00a0\u00bbwithout_pattern\u00a0\u00bb css_animation=\u00a0\u00bb\u00a0\u00bb][vc_column width=\u00a0\u00bb5\/6&Prime;][vc_empty_space height=\u00a0\u00bb100&Prime;][vc_column_text] Produits 2016-2017. [\/vc_column_text][vc_column_text] Les huit secteurs labellis\u00e9s Girona Excel\u00b7lent. [\/vc_column_text][vc_separator type=\u00a0\u00bbsmall\u00a0\u00bb position=\u00a0\u00bbleft\u00a0\u00bb color=\u00a0\u00bb#000000&Prime; thickness=\u00a0\u00bb2&Prime; up=\u00a0\u00bb10&Prime; down=\u00a0\u00bb10&Prime;][vc_empty_space height=\u00a0\u00bb20&Prime;][vc_column_text]36 produits issus de 25 entreprises diff\u00e9rentes ont \u00e9t\u00e9 choisis au mois de juillet, lors de d\u00e9gustations \u00e0 l\u2019aveugle&#8230;<\/p>\n","protected":false},"author":1,"featured_media":0,"parent":0,"menu_order":0,"comment_status":"closed","ping_status":"closed","template":"full_width.php","meta":{"inline_featured_image":false,"footnotes":""},"class_list":["post-17730","page","type-page","status-publish","hentry"],"_links":{"self":[{"href":"https:\/\/www.gironaexcellent.cat\/fr\/wp-json\/wp\/v2\/pages\/17730","targetHints":{"allow":["GET"]}}],"collection":[{"href":"https:\/\/www.gironaexcellent.cat\/fr\/wp-json\/wp\/v2\/pages"}],"about":[{"href":"https:\/\/www.gironaexcellent.cat\/fr\/wp-json\/wp\/v2\/types\/page"}],"author":[{"embeddable":true,"href":"https:\/\/www.gironaexcellent.cat\/fr\/wp-json\/wp\/v2\/users\/1"}],"replies":[{"embeddable":true,"href":"https:\/\/www.gironaexcellent.cat\/fr\/wp-json\/wp\/v2\/comments?post=17730"}],"version-history":[{"count":0,"href":"https:\/\/www.gironaexcellent.cat\/fr\/wp-json\/wp\/v2\/pages\/17730\/revisions"}],"wp:attachment":[{"href":"https:\/\/www.gironaexcellent.cat\/fr\/wp-json\/wp\/v2\/media?parent=17730"}],"curies":[{"name":"wp","href":"https:\/\/api.w.org\/{rel}","templated":true}]}}